{"id":737,"date":"2023-12-03T18:05:29","date_gmt":"2023-12-03T17:05:29","guid":{"rendered":"https:\/\/neisa.pl\/falowniki-abb\/?page_id=737"},"modified":"2023-12-11T22:29:15","modified_gmt":"2023-12-11T21:29:15","slug":"acs380","status":"publish","type":"page","link":"https:\/\/neisa.pl\/falowniki-abb\/przemienniki-czestotliwosci-niskiego-napiecia\/acs380\/","title":{"rendered":"ACS380"},"content":{"rendered":"\t\t<div data-elementor-type=\"wp-page\" data-elementor-id=\"737\" class=\"elementor elementor-737\" data-elementor-post-type=\"page\">\n\t\t\t\t<div class=\"elementor-element elementor-element-719c14c e-flex e-con-boxed e-con e-parent\" data-id=\"719c14c\" data-element_type=\"container\">\n\t\t\t\t\t<div class=\"e-con-inner\">\n\t\t\t\t<div class=\"elementor-element elementor-element-6e79200 elementor-widget elementor-widget-spacer\" data-id=\"6e79200\" data-element_type=\"widget\" data-widget_type=\"spacer.default\">\n\t\t\t\t<div class=\"elementor-widget-container\">\n\t\t\t\t\t\t\t<div class=\"elementor-spacer\">\n\t\t\t<div class=\"elementor-spacer-inner\"><\/div>\n\t\t<\/div>\n\t\t\t\t\t\t<\/div>\n\t\t\t\t<\/div>\n\t\t\t\t\t<\/div>\n\t\t\t\t<\/div>\n\t\t<div class=\"elementor-element elementor-element-2673169 e-flex e-con-boxed e-con e-parent\" data-id=\"2673169\" data-element_type=\"container\">\n\t\t\t\t\t<div class=\"e-con-inner\">\n\t\t\t\t<div class=\"elementor-element elementor-element-a31beca elementor-widget elementor-widget-text-editor\" data-id=\"a31beca\" data-element_type=\"widget\" data-widget_type=\"text-editor.default\">\n\t\t\t\t<div class=\"elementor-widget-container\">\n\t\t\t\t\t\t\t\t\t<strong><span style=\"color: #000000;\"><a style=\"color: #000000; text-decoration: none;\" href=\"https:\/\/neisa.pl\/falowniki-abb\/przemienniki-czestotliwosci-niskiego-napiecia\/\">Przemienniki cz\u0119stotliwo\u015bci<\/a><\/span> &gt; ACS380<\/strong>\t\t\t\t\t\t\t\t<\/div>\n\t\t\t\t<\/div>\n\t\t\t\t\t<\/div>\n\t\t\t\t<\/div>\n\t\t<div class=\"elementor-element elementor-element-144702b e-flex e-con-boxed e-con e-parent\" data-id=\"144702b\" data-element_type=\"container\">\n\t\t\t\t\t<div class=\"e-con-inner\">\n\t\t<div class=\"elementor-element elementor-element-c0e5d98 e-con-full e-flex e-con e-child\" data-id=\"c0e5d98\" data-element_type=\"container\">\n\t\t<div class=\"elementor-element elementor-element-2f29bcd e-flex e-con-boxed e-con e-child\" data-id=\"2f29bcd\" data-element_type=\"container\">\n\t\t\t\t\t<div class=\"e-con-inner\">\n\t\t\t\t<div class=\"elementor-element elementor-element-0f9e270 elementor-widget elementor-widget-image\" data-id=\"0f9e270\" data-element_type=\"widget\" data-widget_type=\"image.default\">\n\t\t\t\t<div class=\"elementor-widget-container\">\n\t\t\t\t\t\t\t\t\t\t\t\t\t\t\t<img fetchpriority=\"high\" decoding=\"async\" width=\"382\" height=\"540\" src=\"https:\/\/neisa.pl\/falowniki-abb\/wp-content\/uploads\/2023\/12\/ACS380.jpg\" class=\"attachment-large size-large wp-image-576\" alt=\"\" srcset=\"https:\/\/neisa.pl\/falowniki-abb\/wp-content\/uploads\/2023\/12\/ACS380.jpg 382w, https:\/\/neisa.pl\/falowniki-abb\/wp-content\/uploads\/2023\/12\/ACS380-212x300.jpg 212w\" sizes=\"(max-width: 382px) 100vw, 382px\" \/>\t\t\t\t\t\t\t\t\t\t\t\t\t\t\t<\/div>\n\t\t\t\t<\/div>\n\t\t\t\t\t<\/div>\n\t\t\t\t<\/div>\n\t\t<div class=\"elementor-element elementor-element-258e7fc e-flex e-con-boxed e-con e-child\" data-id=\"258e7fc\" data-element_type=\"container\">\n\t\t\t\t\t<div class=\"e-con-inner\">\n\t\t\t\t<div class=\"elementor-element elementor-element-f922076 elementor-widget elementor-widget-heading\" data-id=\"f922076\" data-element_type=\"widget\" data-widget_type=\"heading.default\">\n\t\t\t\t<div class=\"elementor-widget-container\">\n\t\t\t\t\t<h2 class=\"elementor-heading-title elementor-size-default\">Produkcja: na zapytanie<\/h2>\t\t\t\t<\/div>\n\t\t\t\t<\/div>\n\t\t\t\t\t<\/div>\n\t\t\t\t<\/div>\n\t\t<div class=\"elementor-element elementor-element-14b5766 e-flex e-con-boxed e-con e-child\" data-id=\"14b5766\" data-element_type=\"container\">\n\t\t\t\t\t<div class=\"e-con-inner\">\n\t\t\t\t<div class=\"elementor-element elementor-element-b9c1a6e elementor-widget elementor-widget-heading\" data-id=\"b9c1a6e\" data-element_type=\"widget\" data-widget_type=\"heading.default\">\n\t\t\t\t<div class=\"elementor-widget-container\">\n\t\t\t\t\t<h2 class=\"elementor-heading-title elementor-size-default\">Czas realizacji: od 3 dni roboczych<\/h2>\t\t\t\t<\/div>\n\t\t\t\t<\/div>\n\t\t\t\t\t<\/div>\n\t\t\t\t<\/div>\n\t\t\t\t<\/div>\n\t\t<div class=\"elementor-element elementor-element-eae9de7 e-con-full e-flex e-con e-child\" data-id=\"eae9de7\" data-element_type=\"container\">\n\t\t<div class=\"elementor-element elementor-element-ec6bb1f e-flex e-con-boxed e-con e-child\" data-id=\"ec6bb1f\" data-element_type=\"container\">\n\t\t\t\t\t<div class=\"e-con-inner\">\n\t\t\t\t<div class=\"elementor-element elementor-element-ed1bb5a elementor-widget elementor-widget-heading\" data-id=\"ed1bb5a\" data-element_type=\"widget\" data-widget_type=\"heading.default\">\n\t\t\t\t<div class=\"elementor-widget-container\">\n\t\t\t\t\t<h2 class=\"elementor-heading-title elementor-size-default\">ACS380 - maszynowy przemiennik cz\u0119stotliwo\u015bci<\/h2>\t\t\t\t<\/div>\n\t\t\t\t<\/div>\n\t\t\t\t<div class=\"elementor-element elementor-element-50cb8af elementor-widget elementor-widget-text-editor\" data-id=\"50cb8af\" data-element_type=\"widget\" data-widget_type=\"text-editor.default\">\n\t\t\t\t<div class=\"elementor-widget-container\">\n\t\t\t\t\t\t\t\t\t<p>Seria maszynowych przemiennik\u00f3w cz\u0119stotliwo\u015bci ACS380 to innowacyjne rozwi\u0105zanie stworzone z my\u015bl\u0105 o producentach, kt\u00f3rzy oczekuj\u0105 precyzyjnej kontroli nad silnikami elektrycznymi, minimalnego zu\u017cycia energii, prostej obs\u0142ugi, a jednocze\u015bnie potrzebuj\u0105 rozbudowanych funkcji. Przy u\u017cyciu wst\u0119pnie skonfigurowanych przemiennik\u00f3w z serii ACS380, dost\u0119pnych w r\u00f3\u017cnych wariantach, integracja z maszynami i systemem sterowania staje si\u0119 niezwykle \u0142atwa. Nowy standard to ikonowy panel sterowania, kt\u00f3ry maksymalnie upraszcza obs\u0142ug\u0119 nap\u0119du. ACS380 znalaz\u0142y swoje zastosowanie przede wszystkim w przemy\u015ble spo\u017cywczym, tekstylnym oraz w transporcie materia\u0142\u00f3w. Idealnie sprawdzaj\u0105 si\u0119 w aplikacjach sta\u0142omomentowych, takich jak mieszalniki, przeno\u015bniki, d\u017awigi i suwnice.<\/p><p>Cechy produktu:<\/p><p>Zakres mocy: ACS380 oferuje moc od 0.25 do 22 kW i pracuje w zakresie napi\u0119cia od 200 do 480 V. Zunifikowana obudowa IP20: Jednolita wysoko\u015b\u0107 i g\u0142\u0119boko\u015b\u0107 jednostek w obudowie IP20 u\u0142atwiaj\u0105 instalacj\u0119 i okablowanie w szafie. Warianty przygotowane do komunikacji: Dost\u0119pne warianty przemiennik\u00f3w s\u0105 fabrycznie przygotowane do komunikacji w systemie automatyki u\u017cytkownika, co przyspiesza integracj\u0119 z innymi urz\u0105dzeniami. Wbudowany ikonowy panel sterowania: Panel sterowania w postaci ikon gwarantuje \u0142atw\u0105 konfiguracj\u0119 falownika, co zwi\u0119ksza wygod\u0119 u\u017cytkowania. Mo\u017cliwo\u015b\u0107 pod\u0142\u0105czenia zewn\u0119trznego panela: Istnieje r\u00f3wnie\u017c opcja pod\u0142\u0105czenia zewn\u0119trznego panela (ACS-AP-X), co dodatkowo zwi\u0119ksza elastyczno\u015b\u0107 konfiguracji. Funkcja bezpiecznego wy\u0142\u0105czenia momentu (STO): Zintegrowana funkcja STO zapewnia bezpieczn\u0105 prac\u0119 z falownikiem. Programowanie adaptacyjne: Rozwoja mo\u017cliwo\u015bci falownika poprzez tworzenie niestandardowych program\u00f3w przy pomocy bloczk\u00f3w funkcyjnych. Kompatybilno\u015b\u0107 z oprogramowaniem Drive Composer: Przemienno\u015b\u0107 z oprogramowaniem Drive Composer u\u0142atwia integracj\u0119 i konfiguracj\u0119. Funkcje d\u017awigowe: Wbudowane w standardzie funkcje d\u017awigowe, takie jak obs\u0142uga wy\u0142\u0105cznik\u00f3w kra\u0144cowych, umo\u017cliwiaj\u0105 szerokie zastosowanie w r\u00f3\u017cnych aplikacjach. Seria ACS380 to przemienniki cz\u0119stotliwo\u015bci, kt\u00f3re spe\u0142niaj\u0105 oczekiwania producent\u00f3w maszyn w zakresie precyzji, energooszcz\u0119dno\u015bci i elastyczno\u015bci konfiguracji. Wprowad\u017a zaawansowane sterowanie do swoich aplikacji dzi\u0119ki ACS380.<\/p>\t\t\t\t\t\t\t\t<\/div>\n\t\t\t\t<\/div>\n\t\t\t\t\t<\/div>\n\t\t\t\t<\/div>\n\t\t<div class=\"elementor-element elementor-element-2842ce3 e-flex e-con-boxed e-con e-child\" data-id=\"2842ce3\" data-element_type=\"container\">\n\t\t\t\t\t<div class=\"e-con-inner\">\n\t\t\t\t<div class=\"elementor-element elementor-element-8de293e elementor-widget elementor-widget-heading\" data-id=\"8de293e\" data-element_type=\"widget\" data-widget_type=\"heading.default\">\n\t\t\t\t<div class=\"elementor-widget-container\">\n\t\t\t\t\t<h2 class=\"elementor-heading-title elementor-size-default\">Skontaktuj si\u0119 z nami telefonicznie w celu uzyskania oferty<\/h2>\t\t\t\t<\/div>\n\t\t\t\t<\/div>\n\t\t<div class=\"elementor-element elementor-element-10a83f6 e-flex e-con-boxed e-con e-child\" data-id=\"10a83f6\" data-element_type=\"container\">\n\t\t\t\t\t<div class=\"e-con-inner\">\n\t\t<div class=\"elementor-element elementor-element-cd3f74a e-flex e-con-boxed e-con e-child\" data-id=\"cd3f74a\" data-element_type=\"container\">\n\t\t\t\t\t<div class=\"e-con-inner\">\n\t\t\t\t<div class=\"elementor-element elementor-element-8a94e2d elementor-widget elementor-widget-text-editor\" data-id=\"8a94e2d\" data-element_type=\"widget\" data-widget_type=\"text-editor.default\">\n\t\t\t\t<div class=\"elementor-widget-container\">\n\t\t\t\t\t\t\t\t\t<strong>Karol Turek<\/strong><br><strong>\nserwis i sprzeda\u017c<\/strong><br>\n<span style=\"color: #000000;\"><a style=\"color: #000000; text-decoration: none;\" href=\"tel:+48 694 360 034\">+48 694 360 034<\/a><\/span>\n<span style=\"color: #000000;\"><a style=\"color: #000000; text-decoration: none;\" href=\"mailto:karol.turek@neisa.pl\">karol.turek@neisa.pl<\/a><\/span>\t\t\t\t\t\t\t\t<\/div>\n\t\t\t\t<\/div>\n\t\t\t\t\t<\/div>\n\t\t\t\t<\/div>\n\t\t<div class=\"elementor-element elementor-element-9ba6f47 e-flex e-con-boxed e-con e-child\" data-id=\"9ba6f47\" data-element_type=\"container\">\n\t\t\t\t\t<div class=\"e-con-inner\">\n\t\t\t\t<div class=\"elementor-element elementor-element-adf9174 elementor-widget elementor-widget-text-editor\" data-id=\"adf9174\" data-element_type=\"widget\" data-widget_type=\"text-editor.default\">\n\t\t\t\t<div class=\"elementor-widget-container\">\n\t\t\t\t\t\t\t\t\t<strong>\u0141ukasz Stec<\/strong><br>\n<strong>serwis i sprzeda\u017c<\/strong><br>\n<span style=\"color: #000000;\"><a style=\"color: #000000; text-decoration: none;\" href=\"tel:+48 882 437 458\">+48 882 437 458<\/a><\/span>\n<span style=\"color: #000000;\"><a style=\"color: #000000; text-decoration: none;\" href=\"mailto:lukasz.stec@neisa.pl\">lukasz.stec@neisa.pl<\/a><\/span>\t\t\t\t\t\t\t\t<\/div>\n\t\t\t\t<\/div>\n\t\t\t\t\t<\/div>\n\t\t\t\t<\/div>\n\t\t\t\t\t<\/div>\n\t\t\t\t<\/div>\n\t\t<div class=\"elementor-element elementor-element-8108797 e-flex e-con-boxed e-con e-child\" data-id=\"8108797\" data-element_type=\"container\">\n\t\t\t\t\t<div class=\"e-con-inner\">\n\t\t\t\t<div class=\"elementor-element elementor-element-2e64ba0 elementor-widget elementor-widget-heading\" data-id=\"2e64ba0\" data-element_type=\"widget\" data-widget_type=\"heading.default\">\n\t\t\t\t<div class=\"elementor-widget-container\">\n\t\t\t\t\t<h2 class=\"elementor-heading-title elementor-size-default\">lub wype\u0142nij formularz kontaktowy<\/h2>\t\t\t\t<\/div>\n\t\t\t\t<\/div>\n\t\t\t\t<div class=\"elementor-element elementor-element-88d3664 elementor-widget elementor-widget-button\" data-id=\"88d3664\" data-element_type=\"widget\" data-widget_type=\"button.default\">\n\t\t\t\t<div class=\"elementor-widget-container\">\n\t\t\t\t\t\t\t\t\t<div class=\"elementor-button-wrapper\">\n\t\t\t\t\t<a class=\"elementor-button elementor-button-link elementor-size-sm\" href=\"#form\">\n\t\t\t\t\t\t<span class=\"elementor-button-content-wrapper\">\n\t\t\t\t\t\t\t\t\t<span class=\"elementor-button-text\">Kliknij tutaj<\/span>\n\t\t\t\t\t<\/span>\n\t\t\t\t\t<\/a>\n\t\t\t\t<\/div>\n\t\t\t\t\t\t\t\t<\/div>\n\t\t\t\t<\/div>\n\t\t\t\t\t<\/div>\n\t\t\t\t<\/div>\n\t\t\t\t\t<\/div>\n\t\t\t\t<\/div>\n\t\t\t\t<\/div>\n\t\t\t\t\t<\/div>\n\t\t\t\t<\/div>\n\t\t<div class=\"elementor-element elementor-element-a4606f6 e-flex e-con-boxed e-con e-parent\" data-id=\"a4606f6\" data-element_type=\"container\">\n\t\t\t\t\t<div class=\"e-con-inner\">\n\t\t\t\t<div class=\"elementor-element elementor-element-26457fa elementor-align-center elementor-widget elementor-widget-button\" data-id=\"26457fa\" data-element_type=\"widget\" data-widget_type=\"button.default\">\n\t\t\t\t<div class=\"elementor-widget-container\">\n\t\t\t\t\t\t\t\t\t<div class=\"elementor-button-wrapper\">\n\t\t\t\t\t<a class=\"elementor-button elementor-button-link elementor-size-sm\" href=\"https:\/\/neisa.pl\/falowniki-abb\/przemienniki-czestotliwosci-niskiego-napiecia\/\">\n\t\t\t\t\t\t<span class=\"elementor-button-content-wrapper\">\n\t\t\t\t\t\t\t\t\t<span class=\"elementor-button-text\">Zobacz inne nasze produkty<\/span>\n\t\t\t\t\t<\/span>\n\t\t\t\t\t<\/a>\n\t\t\t\t<\/div>\n\t\t\t\t\t\t\t\t<\/div>\n\t\t\t\t<\/div>\n\t\t\t\t\t<\/div>\n\t\t\t\t<\/div>\n\t\t<div class=\"elementor-element elementor-element-5085080 e-flex e-con-boxed e-con e-parent\" data-id=\"5085080\" data-element_type=\"container\" id=\"form\">\n\t\t\t\t\t<div class=\"e-con-inner\">\n\t\t\t\t<div class=\"elementor-element elementor-element-fbc9b1b elementor-widget elementor-widget-heading\" data-id=\"fbc9b1b\" data-element_type=\"widget\" data-widget_type=\"heading.default\">\n\t\t\t\t<div class=\"elementor-widget-container\">\n\t\t\t\t\t<h2 class=\"elementor-heading-title elementor-size-default\">Chcesz wiedzie\u0107 wi\u0119cej? Zapytaj o produkt!<\/h2>\t\t\t\t<\/div>\n\t\t\t\t<\/div>\n\t\t\t\t<div class=\"elementor-element elementor-element-fa450a6 elementor-button-align-stretch elementor-widget elementor-widget-form\" data-id=\"fa450a6\" data-element_type=\"widget\" data-settings=\"{&quot;button_width&quot;:&quot;20&quot;,&quot;step_type&quot;:&quot;number_text&quot;,&quot;step_icon_shape&quot;:&quot;circle&quot;}\" data-widget_type=\"form.default\">\n\t\t\t\t<div class=\"elementor-widget-container\">\n\t\t\t\t\t\t\t<form class=\"elementor-form\" method=\"post\" name=\"New Form\" novalidate=\"\">\n\t\t\t<input type=\"hidden\" name=\"post_id\" value=\"737\"\/>\n\t\t\t<input type=\"hidden\" name=\"form_id\" value=\"fa450a6\"\/>\n\t\t\t<input type=\"hidden\" name=\"referer_title\" value=\"\" \/>\n\n\t\t\t\n\t\t\t<div class=\"elementor-form-fields-wrapper elementor-labels-\">\n\t\t\t\t\t\t\t\t<div class=\"elementor-field-type-text elementor-field-group elementor-column elementor-field-group-field_7a9efe7 elementor-col-33\">\n\t\t\t\t\t\t\t\t\t\t\t\t<label for=\"form-field-field_7a9efe7\" class=\"elementor-field-label elementor-screen-only\">\n\t\t\t\t\t\t\t\tImi\u0119\t\t\t\t\t\t\t<\/label>\n\t\t\t\t\t\t\t\t\t\t\t\t\t\t<input size=\"1\" type=\"text\" name=\"form_fields[field_7a9efe7]\" id=\"form-field-field_7a9efe7\" class=\"elementor-field elementor-size-sm  elementor-field-textual\" placeholder=\"Imi\u0119\">\n\t\t\t\t\t\t\t\t\t\t\t<\/div>\n\t\t\t\t\t\t\t\t<div class=\"elementor-field-type-text elementor-field-group elementor-column elementor-field-group-field_3fb72fc elementor-col-33\">\n\t\t\t\t\t\t\t\t\t\t\t\t<label for=\"form-field-field_3fb72fc\" class=\"elementor-field-label elementor-screen-only\">\n\t\t\t\t\t\t\t\tNazwisko\t\t\t\t\t\t\t<\/label>\n\t\t\t\t\t\t\t\t\t\t\t\t\t\t<input size=\"1\" type=\"text\" name=\"form_fields[field_3fb72fc]\" id=\"form-field-field_3fb72fc\" class=\"elementor-field elementor-size-sm  elementor-field-textual\" placeholder=\"Nazwisko\">\n\t\t\t\t\t\t\t\t\t\t\t<\/div>\n\t\t\t\t\t\t\t\t<div class=\"elementor-field-type-select elementor-field-group elementor-column elementor-field-group-field_82ac123 elementor-col-33\">\n\t\t\t\t\t\t\t\t\t\t\t\t<label for=\"form-field-field_82ac123\" class=\"elementor-field-label elementor-screen-only\">\n\t\t\t\t\t\t\t\tStandardowy\t\t\t\t\t\t\t<\/label>\n\t\t\t\t\t\t\t\t<div class=\"elementor-field elementor-select-wrapper remove-before \">\n\t\t\t<div class=\"select-caret-down-wrapper\">\n\t\t\t\t<i aria-hidden=\"true\" class=\"eicon-caret-down\"><\/i>\t\t\t<\/div>\n\t\t\t<select name=\"form_fields[field_82ac123]\" id=\"form-field-field_82ac123\" class=\"elementor-field-textual elementor-size-sm\">\n\t\t\t\t\t\t\t\t\t<option value=\"ACS380\">ACS380<\/option>\n\t\t\t\t\t\t\t\t\t<option value=\"ACS150\">ACS150<\/option>\n\t\t\t\t\t\t\t\t\t<option value=\"ACS310\">ACS310<\/option>\n\t\t\t\t\t\t\t\t\t<option value=\"ACS480\">ACS480<\/option>\n\t\t\t\t\t\t\t\t\t<option value=\"ACS580\">ACS580<\/option>\n\t\t\t\t\t\t\t\t\t<option value=\"ACS880\">ACS880<\/option>\n\t\t\t\t\t\t\t\t\t<option value=\"ACS355\">ACS355<\/option>\n\t\t\t\t\t\t\t\t\t<option value=\"ACS55\">ACS55<\/option>\n\t\t\t\t\t\t\t\t\t<option value=\"ACS180\">ACS180<\/option>\n\t\t\t\t\t\t\t\t\t<option value=\"ACH480\">ACH480<\/option>\n\t\t\t\t\t\t\t\t\t<option value=\"ACH580\">ACH580<\/option>\n\t\t\t\t\t\t\t\t\t<option value=\"ACQ580\">ACQ580<\/option>\n\t\t\t\t\t\t\t\t\t<option value=\"ACS800\">ACS800<\/option>\n\t\t\t\t\t\t\t\t\t<option value=\"ACS850\">ACS850<\/option>\n\t\t\t\t\t\t\t\t\t<option value=\"ACS550\">ACS550<\/option>\n\t\t\t\t\t\t\t\t\t<option value=\"Magistrale komunikacyjne - karty rozszerze\u0144\">Magistrale komunikacyjne - karty rozszerze\u0144<\/option>\n\t\t\t\t\t\t\t\t\t<option value=\"Interfejs u\u017cytkownika - panele\">Interfejs u\u017cytkownika - panele<\/option>\n\t\t\t\t\t\t\t\t\t<option value=\"Modu\u0142y rozszerze\u0144 We\/Wy\">Modu\u0142y rozszerze\u0144 We\/Wy<\/option>\n\t\t\t\t\t\t\t\t\t<option value=\"Filtry wyj\u015bciowe\">Filtry wyj\u015bciowe<\/option>\n\t\t\t\t\t\t\t\t\t<option value=\"Rezystory hamowania\">Rezystory hamowania<\/option>\n\t\t\t\t\t\t\t\t\t<option value=\"Standardowy\">Standardowy<\/option>\n\t\t\t\t\t\t\t<\/select>\n\t\t<\/div>\n\t\t\t\t\t\t<\/div>\n\t\t\t\t\t\t\t\t<div class=\"elementor-field-type-text elementor-field-group elementor-column elementor-field-group-name elementor-col-33\">\n\t\t\t\t\t\t\t\t\t\t\t\t<label for=\"form-field-name\" class=\"elementor-field-label elementor-screen-only\">\n\t\t\t\t\t\t\t\tNazwa firmy\t\t\t\t\t\t\t<\/label>\n\t\t\t\t\t\t\t\t\t\t\t\t\t\t<input size=\"1\" type=\"text\" name=\"form_fields[name]\" id=\"form-field-name\" class=\"elementor-field elementor-size-sm  elementor-field-textual\" placeholder=\"Nazwa firmy\">\n\t\t\t\t\t\t\t\t\t\t\t<\/div>\n\t\t\t\t\t\t\t\t<div class=\"elementor-field-type-email elementor-field-group elementor-column elementor-field-group-email elementor-col-33 elementor-field-required\">\n\t\t\t\t\t\t\t\t\t\t\t\t<label for=\"form-field-email\" class=\"elementor-field-label elementor-screen-only\">\n\t\t\t\t\t\t\t\tE-mail\t\t\t\t\t\t\t<\/label>\n\t\t\t\t\t\t\t\t\t\t\t\t\t\t<input size=\"1\" type=\"email\" name=\"form_fields[email]\" id=\"form-field-email\" class=\"elementor-field elementor-size-sm  elementor-field-textual\" placeholder=\"E-mail\" required=\"required\" aria-required=\"true\">\n\t\t\t\t\t\t\t\t\t\t\t<\/div>\n\t\t\t\t\t\t\t\t<div class=\"elementor-field-type-tel elementor-field-group elementor-column elementor-field-group-field_d0c9868 elementor-col-33 elementor-field-required\">\n\t\t\t\t\t\t\t\t\t\t\t\t<label for=\"form-field-field_d0c9868\" class=\"elementor-field-label elementor-screen-only\">\n\t\t\t\t\t\t\t\tTelefon\t\t\t\t\t\t\t<\/label>\n\t\t\t\t\t\t\t\t<input size=\"1\" type=\"tel\" name=\"form_fields[field_d0c9868]\" id=\"form-field-field_d0c9868\" class=\"elementor-field elementor-size-sm  elementor-field-textual\" placeholder=\"Telefon\" required=\"required\" aria-required=\"true\" pattern=\"[0-9()#&amp;+*-=.]+\" title=\"Only numbers and phone characters (#, -, *, etc) are accepted.\">\n\n\t\t\t\t\t\t<\/div>\n\t\t\t\t\t\t\t\t<div class=\"elementor-field-type-textarea elementor-field-group elementor-column elementor-field-group-message elementor-col-80\">\n\t\t\t\t\t\t\t\t\t\t\t\t<label for=\"form-field-message\" class=\"elementor-field-label elementor-screen-only\">\n\t\t\t\t\t\t\t\tWiadomo\u015b\u0107\t\t\t\t\t\t\t<\/label>\n\t\t\t\t\t\t<textarea class=\"elementor-field-textual elementor-field  elementor-size-sm\" name=\"form_fields[message]\" id=\"form-field-message\" rows=\"4\" placeholder=\"Wiadomo\u015b\u0107\"><\/textarea>\t\t\t\t<\/div>\n\t\t\t\t\t\t\t\t<div class=\"elementor-field-type-recaptcha_v3 elementor-field-group elementor-column elementor-field-group-field_92e1adb elementor-col-100 recaptcha_v3-bottomleft\">\n\t\t\t\t\t<div class=\"elementor-field\" id=\"form-field-field_92e1adb\"><div class=\"elementor-g-recaptcha\" data-sitekey=\"6LdWlWMrAAAAAIpV_ElhEIQTgh7ObjctU_KXMOJb\" data-type=\"v3\" data-action=\"Form\" data-badge=\"bottomleft\" data-size=\"invisible\"><\/div><\/div>\t\t\t\t<\/div>\n\t\t\t\t\t\t\t\t<div class=\"elementor-field-group elementor-column elementor-field-type-submit elementor-col-20 e-form__buttons\">\n\t\t\t\t\t<button type=\"submit\" class=\"elementor-button elementor-size-sm\" id=\"btn-form-2\">\n\t\t\t\t\t\t<span >\n\t\t\t\t\t\t\t\t\t\t\t\t\t\t\t<span class=\" elementor-button-icon\">\n\t\t\t\t\t\t\t\t\t\t\t\t\t\t\t\t\t\t\t\t\t\t\t\t\t\t<\/span>\n\t\t\t\t\t\t\t\t\t\t\t\t\t\t\t\t\t\t\t\t\t\t<span class=\"elementor-button-text\">Wy\u015blij<\/span>\n\t\t\t\t\t\t\t\t\t\t\t\t\t<\/span>\n\t\t\t\t\t<\/button>\n\t\t\t\t<\/div>\n\t\t\t<\/div>\n\t\t<\/form>\n\t\t\t\t\t\t<\/div>\n\t\t\t\t<\/div>\n\t\t\t\t<div class=\"elementor-element elementor-element-0fd5a73 elementor-widget elementor-widget-text-editor\" data-id=\"0fd5a73\" data-element_type=\"widget\" data-widget_type=\"text-editor.default\">\n\t\t\t\t<div class=\"elementor-widget-container\">\n\t\t\t\t\t\t\t\t\t<p>Wysy\u0142aj\u0105c akceptujesz <span style=\"color: #7a7a7a;\"><a style=\"color: #7a7a7a; text-decoration: underline;\" href=\"https:\/\/neisa.pl\/falowniki-abb\/polityka-prywatnosci\/\">polityk\u0119 prywatno\u015bci<\/a><\/span><\/p>\t\t\t\t\t\t\t\t<\/div>\n\t\t\t\t<\/div>\n\t\t\t\t\t<\/div>\n\t\t\t\t<\/div>\n\t\t\t\t<\/div>\n\t\t","protected":false},"excerpt":{"rendered":"<p>Przemienniki cz\u0119stotliwo\u015bci &gt; ACS380 Produkcja: na zapytanie Czas realizacji: od 3 dni roboczych ACS380 &#8211; maszynowy przemiennik cz\u0119stotliwo\u015bci Seria maszynowych przemiennik\u00f3w cz\u0119stotliwo\u015bci ACS380 to innowacyjne rozwi\u0105zanie stworzone z my\u015bl\u0105 o producentach, kt\u00f3rzy oczekuj\u0105 precyzyjnej kontroli nad silnikami elektrycznymi, minimalnego zu\u017cycia energii, prostej obs\u0142ugi, a jednocze\u015bnie potrzebuj\u0105 rozbudowanych funkcji. Przy u\u017cyciu wst\u0119pnie skonfigurowanych przemiennik\u00f3w z serii [&hellip;]<\/p>\n","protected":false},"author":1,"featured_media":0,"parent":532,"menu_order":0,"comment_status":"closed","ping_status":"closed","template":"","meta":{"site-sidebar-layout":"no-sidebar","site-content-layout":"","ast-site-content-layout":"full-width-container","site-content-style":"default","site-sidebar-style":"default","ast-global-header-display":"","ast-banner-title-visibility":"","ast-main-header-display":"","ast-hfb-above-header-display":"","ast-hfb-below-header-display":"","ast-hfb-mobile-header-display":"","site-post-title":"disabled","ast-breadcrumbs-content":"","ast-featured-img":"disabled","footer-sml-layout":"","theme-transparent-header-meta":"","adv-header-id-meta":"","stick-header-meta":"","header-above-stick-meta":"","header-main-stick-meta":"","header-below-stick-meta":"","astra-migrate-meta-layouts":"default","ast-page-background-enabled":"default","ast-page-background-meta":{"desktop":{"background-color":"var(--ast-global-color-4)","background-image":"","background-repeat":"repeat","background-position":"center center","background-size":"auto","background-attachment":"scroll","background-type":"","background-media":"","overlay-type":"","overlay-color":"","overlay-opacity":"","overlay-gradient":""},"tablet":{"background-color":"","background-image":"","background-repeat":"repeat","background-position":"center center","background-size":"auto","background-attachment":"scroll","background-type":"","background-media":"","overlay-type":"","overlay-color":"","overlay-opacity":"","overlay-gradient":""},"mobile":{"background-color":"","background-image":"","background-repeat":"repeat","background-position":"center center","background-size":"auto","background-attachment":"scroll","background-type":"","background-media":"","overlay-type":"","overlay-color":"","overlay-opacity":"","overlay-gradient":""}},"ast-content-background-meta":{"desktop":{"background-color":"var(--ast-global-color-5)","background-image":"","background-repeat":"repeat","background-position":"center center","background-size":"auto","background-attachment":"scroll","background-type":"","background-media":"","overlay-type":"","overlay-color":"","overlay-opacity":"","overlay-gradient":""},"tablet":{"background-color":"var(--ast-global-color-5)","background-image":"","background-repeat":"repeat","background-position":"center center","background-size":"auto","background-attachment":"scroll","background-type":"","background-media":"","overlay-type":"","overlay-color":"","overlay-opacity":"","overlay-gradient":""},"mobile":{"background-color":"var(--ast-global-color-5)","background-image":"","background-repeat":"repeat","background-position":"center center","background-size":"auto","background-attachment":"scroll","background-type":"","background-media":"","overlay-type":"","overlay-color":"","overlay-opacity":"","overlay-gradient":""}},"footnotes":""},"class_list":["post-737","page","type-page","status-publish","hentry"],"_links":{"self":[{"href":"https:\/\/neisa.pl\/falowniki-abb\/wp-json\/wp\/v2\/pages\/737","targetHints":{"allow":["GET"]}}],"collection":[{"href":"https:\/\/neisa.pl\/falowniki-abb\/wp-json\/wp\/v2\/pages"}],"about":[{"href":"https:\/\/neisa.pl\/falowniki-abb\/wp-json\/wp\/v2\/types\/page"}],"author":[{"embeddable":true,"href":"https:\/\/neisa.pl\/falowniki-abb\/wp-json\/wp\/v2\/users\/1"}],"replies":[{"embeddable":true,"href":"https:\/\/neisa.pl\/falowniki-abb\/wp-json\/wp\/v2\/comments?post=737"}],"version-history":[{"count":13,"href":"https:\/\/neisa.pl\/falowniki-abb\/wp-json\/wp\/v2\/pages\/737\/revisions"}],"predecessor-version":[{"id":1115,"href":"https:\/\/neisa.pl\/falowniki-abb\/wp-json\/wp\/v2\/pages\/737\/revisions\/1115"}],"up":[{"embeddable":true,"href":"https:\/\/neisa.pl\/falowniki-abb\/wp-json\/wp\/v2\/pages\/532"}],"wp:attachment":[{"href":"https:\/\/neisa.pl\/falowniki-abb\/wp-json\/wp\/v2\/media?parent=737"}],"curies":[{"name":"wp","href":"https:\/\/api.w.org\/{rel}","templated":true}]}}