{"id":713,"date":"2023-12-03T17:52:48","date_gmt":"2023-12-03T16:52:48","guid":{"rendered":"https:\/\/neisa.pl\/falowniki-abb\/?page_id=713"},"modified":"2023-12-11T22:29:04","modified_gmt":"2023-12-11T21:29:04","slug":"acs355","status":"publish","type":"page","link":"https:\/\/neisa.pl\/falowniki-abb\/przemienniki-czestotliwosci-niskiego-napiecia\/acs355\/","title":{"rendered":"ACS355"},"content":{"rendered":"\t\t<div data-elementor-type=\"wp-page\" data-elementor-id=\"713\" class=\"elementor elementor-713\" data-elementor-post-type=\"page\">\n\t\t\t\t<div class=\"elementor-element elementor-element-719c14c e-flex e-con-boxed e-con e-parent\" data-id=\"719c14c\" data-element_type=\"container\">\n\t\t\t\t\t<div class=\"e-con-inner\">\n\t\t\t\t<div class=\"elementor-element elementor-element-6e79200 elementor-widget elementor-widget-spacer\" data-id=\"6e79200\" data-element_type=\"widget\" data-widget_type=\"spacer.default\">\n\t\t\t\t<div class=\"elementor-widget-container\">\n\t\t\t\t\t\t\t<div class=\"elementor-spacer\">\n\t\t\t<div class=\"elementor-spacer-inner\"><\/div>\n\t\t<\/div>\n\t\t\t\t\t\t<\/div>\n\t\t\t\t<\/div>\n\t\t\t\t\t<\/div>\n\t\t\t\t<\/div>\n\t\t<div class=\"elementor-element elementor-element-2673169 e-flex e-con-boxed e-con e-parent\" data-id=\"2673169\" data-element_type=\"container\">\n\t\t\t\t\t<div class=\"e-con-inner\">\n\t\t\t\t<div class=\"elementor-element elementor-element-a156950 elementor-widget elementor-widget-text-editor\" data-id=\"a156950\" data-element_type=\"widget\" data-widget_type=\"text-editor.default\">\n\t\t\t\t<div class=\"elementor-widget-container\">\n\t\t\t\t\t\t\t\t\t<strong><span style=\"color: #000000;\"><a style=\"color: #000000; text-decoration: none;\" href=\"https:\/\/neisa.pl\/falowniki-abb\/przemienniki-czestotliwosci-niskiego-napiecia\/\">Przemienniki cz\u0119stotliwo\u015bci<\/a><\/span> &gt; ACS355<\/strong>\t\t\t\t\t\t\t\t<\/div>\n\t\t\t\t<\/div>\n\t\t\t\t\t<\/div>\n\t\t\t\t<\/div>\n\t\t<div class=\"elementor-element elementor-element-144702b e-flex e-con-boxed e-con e-parent\" data-id=\"144702b\" data-element_type=\"container\">\n\t\t\t\t\t<div class=\"e-con-inner\">\n\t\t<div class=\"elementor-element elementor-element-c0e5d98 e-con-full e-flex e-con e-child\" data-id=\"c0e5d98\" data-element_type=\"container\">\n\t\t<div class=\"elementor-element elementor-element-2f29bcd e-flex e-con-boxed e-con e-child\" data-id=\"2f29bcd\" data-element_type=\"container\">\n\t\t\t\t\t<div class=\"e-con-inner\">\n\t\t\t\t<div class=\"elementor-element elementor-element-0f9e270 elementor-widget elementor-widget-image\" data-id=\"0f9e270\" data-element_type=\"widget\" data-widget_type=\"image.default\">\n\t\t\t\t<div class=\"elementor-widget-container\">\n\t\t\t\t\t\t\t\t\t\t\t\t\t\t\t<img fetchpriority=\"high\" decoding=\"async\" width=\"382\" height=\"540\" src=\"https:\/\/neisa.pl\/falowniki-abb\/wp-content\/uploads\/2023\/12\/ACS355.jpg\" class=\"attachment-large size-large wp-image-575\" alt=\"\" srcset=\"https:\/\/neisa.pl\/falowniki-abb\/wp-content\/uploads\/2023\/12\/ACS355.jpg 382w, https:\/\/neisa.pl\/falowniki-abb\/wp-content\/uploads\/2023\/12\/ACS355-212x300.jpg 212w\" sizes=\"(max-width: 382px) 100vw, 382px\" \/>\t\t\t\t\t\t\t\t\t\t\t\t\t\t\t<\/div>\n\t\t\t\t<\/div>\n\t\t\t\t\t<\/div>\n\t\t\t\t<\/div>\n\t\t<div class=\"elementor-element elementor-element-258e7fc e-flex e-con-boxed e-con e-child\" data-id=\"258e7fc\" data-element_type=\"container\">\n\t\t\t\t\t<div class=\"e-con-inner\">\n\t\t\t\t<div class=\"elementor-element elementor-element-f922076 elementor-widget elementor-widget-heading\" data-id=\"f922076\" data-element_type=\"widget\" data-widget_type=\"heading.default\">\n\t\t\t\t<div class=\"elementor-widget-container\">\n\t\t\t\t\t<h2 class=\"elementor-heading-title elementor-size-default\">Produkcja: aktywna<\/h2>\t\t\t\t<\/div>\n\t\t\t\t<\/div>\n\t\t\t\t\t<\/div>\n\t\t\t\t<\/div>\n\t\t<div class=\"elementor-element elementor-element-14b5766 e-flex e-con-boxed e-con e-child\" data-id=\"14b5766\" data-element_type=\"container\">\n\t\t\t\t\t<div class=\"e-con-inner\">\n\t\t\t\t<div class=\"elementor-element elementor-element-b9c1a6e elementor-widget elementor-widget-heading\" data-id=\"b9c1a6e\" data-element_type=\"widget\" data-widget_type=\"heading.default\">\n\t\t\t\t<div class=\"elementor-widget-container\">\n\t\t\t\t\t<h2 class=\"elementor-heading-title elementor-size-default\">Czas realizacji: od 3 dni roboczych<\/h2>\t\t\t\t<\/div>\n\t\t\t\t<\/div>\n\t\t\t\t\t<\/div>\n\t\t\t\t<\/div>\n\t\t\t\t<\/div>\n\t\t<div class=\"elementor-element elementor-element-eae9de7 e-con-full e-flex e-con e-child\" data-id=\"eae9de7\" data-element_type=\"container\">\n\t\t<div class=\"elementor-element elementor-element-ec6bb1f e-flex e-con-boxed e-con e-child\" data-id=\"ec6bb1f\" data-element_type=\"container\">\n\t\t\t\t\t<div class=\"e-con-inner\">\n\t\t\t\t<div class=\"elementor-element elementor-element-ed1bb5a elementor-widget elementor-widget-heading\" data-id=\"ed1bb5a\" data-element_type=\"widget\" data-widget_type=\"heading.default\">\n\t\t\t\t<div class=\"elementor-widget-container\">\n\t\t\t\t\t<h2 class=\"elementor-heading-title elementor-size-default\">ACS355 - maszynowy przemiennik cz\u0119stotliwo\u015bci<\/h2>\t\t\t\t<\/div>\n\t\t\t\t<\/div>\n\t\t\t\t<div class=\"elementor-element elementor-element-50cb8af elementor-widget elementor-widget-text-editor\" data-id=\"50cb8af\" data-element_type=\"widget\" data-widget_type=\"text-editor.default\">\n\t\t\t\t<div class=\"elementor-widget-container\">\n\t\t\t\t\t\t\t\t\t<p>Flagowy produkt renomowanej firmy ABB, ACS355, to wszechstronne rozwi\u0105zanie stworzone z my\u015bl\u0105 o aplikacjach zwi\u0105zanych z transportem materia\u0142\u00f3w, przemys\u0142em spo\u017cywczym, przetw\u00f3rstwem gumy, tworzyw sztucznych i przemys\u0142em drzewnym. Jest to ekonomiczne i uniwersalne rozwi\u0105zanie dla r\u00f3\u017cnorodnych aplikacji nap\u0119dowych, oferuj\u0105ce jednocze\u015bnie jeden z najlepszych interfejs\u00f3w sterowania w swojej klasie. Prosta instalacja i uruchomienie przyczyniaj\u0105 si\u0119 do oszcz\u0119dno\u015bci czasu.<\/p><p>Cechy produktu:<\/p><p>Moc znamionowa: ACS355 posiada szeroki zakres mocy od 0.37 do 22 kW \/ 0.5 do 30 KM. Zoptymalizowana konstrukcja do zabudowy w szafie: Nie tylko oszcz\u0119dza miejsce, ale tak\u017ce przyspiesza proces instalacji. Elastyczna komunikacja: Dzi\u0119ki szerokiemu zakresowi dost\u0119pnych adapter\u00f3w komunikacyjnych, przemiennik umo\u017cliwia komunikacj\u0119 w r\u00f3\u017cnych sieciach automatyki. Sterowanie wektorowe: Zaawansowane sterowanie umo\u017cliwia prac\u0119 zar\u00f3wno z silnikami asynchronicznymi, jak i silnikami z magnesami trwa\u0142ymi, co zapewnia elastyczno\u015b\u0107 w zastosowaniach. Prosta konfiguracja sterowania sekwencyjnego: Ten przemiennik pozwala na tworzenie prostych logik ruchu nap\u0119du, co u\u0142atwia dostosowanie do specyficznych potrzeb. Predefiniowane makra aplikacyjne: Dla szybkiego pierwszego uruchomienia, przemiennik oferuje gotowe makra aplikacyjne, kt\u00f3re u\u0142atwiaj\u0105 dostosowanie jego pracy do konkretnej aplikacji. Unifikowana wysoko\u015b\u0107 i g\u0142\u0119boko\u015b\u0107 jednostek w IP20: Ta cecha upraszcza prowadzenie okablowania w szafie, co zwi\u0119ksza efektywno\u015b\u0107 instalacji. ACS355 to doskona\u0142e rozwi\u0105zanie do r\u00f3\u017cnych aplikacji nap\u0119dowych, kt\u00f3re nie tylko zapewnia ekonomiczn\u0105 i efektywn\u0105 prac\u0119, ale tak\u017ce u\u0142atwia proces instalacji i konfiguracji. Jego wszechstronno\u015b\u0107 i elastyczno\u015b\u0107 sprawiaj\u0105, \u017ce jest on idealnym wyborem dla wielu bran\u017c.<\/p>\t\t\t\t\t\t\t\t<\/div>\n\t\t\t\t<\/div>\n\t\t\t\t\t<\/div>\n\t\t\t\t<\/div>\n\t\t<div class=\"elementor-element elementor-element-261a511 e-flex e-con-boxed e-con e-child\" data-id=\"261a511\" data-element_type=\"container\">\n\t\t\t\t\t<div class=\"e-con-inner\">\n\t\t\t\t<div class=\"elementor-element elementor-element-70324dd elementor-widget elementor-widget-heading\" data-id=\"70324dd\" data-element_type=\"widget\" data-widget_type=\"heading.default\">\n\t\t\t\t<div class=\"elementor-widget-container\">\n\t\t\t\t\t<h2 class=\"elementor-heading-title elementor-size-default\">Skontaktuj si\u0119 z nami telefonicznie w celu uzyskania oferty<\/h2>\t\t\t\t<\/div>\n\t\t\t\t<\/div>\n\t\t<div class=\"elementor-element elementor-element-e42adf6 e-flex e-con-boxed e-con e-child\" data-id=\"e42adf6\" data-element_type=\"container\">\n\t\t\t\t\t<div class=\"e-con-inner\">\n\t\t<div class=\"elementor-element elementor-element-8a16063 e-flex e-con-boxed e-con e-child\" data-id=\"8a16063\" data-element_type=\"container\">\n\t\t\t\t\t<div class=\"e-con-inner\">\n\t\t\t\t<div class=\"elementor-element elementor-element-606bb08 elementor-widget elementor-widget-text-editor\" data-id=\"606bb08\" data-element_type=\"widget\" data-widget_type=\"text-editor.default\">\n\t\t\t\t<div class=\"elementor-widget-container\">\n\t\t\t\t\t\t\t\t\t<strong>Karol Turek<\/strong><br><strong>\nserwis i sprzeda\u017c<\/strong><br>\n<span style=\"color: #000000;\"><a style=\"color: #000000; text-decoration: none;\" href=\"tel:+48 694 360 034\">+48 694 360 034<\/a><\/span>\n<span style=\"color: #000000;\"><a style=\"color: #000000; text-decoration: none;\" href=\"mailto:karol.turek@neisa.pl\">karol.turek@neisa.pl<\/a><\/span>\t\t\t\t\t\t\t\t<\/div>\n\t\t\t\t<\/div>\n\t\t\t\t\t<\/div>\n\t\t\t\t<\/div>\n\t\t<div class=\"elementor-element elementor-element-aa7b00c e-flex e-con-boxed e-con e-child\" data-id=\"aa7b00c\" data-element_type=\"container\">\n\t\t\t\t\t<div class=\"e-con-inner\">\n\t\t\t\t<div class=\"elementor-element elementor-element-0804b4d elementor-widget elementor-widget-text-editor\" data-id=\"0804b4d\" data-element_type=\"widget\" data-widget_type=\"text-editor.default\">\n\t\t\t\t<div class=\"elementor-widget-container\">\n\t\t\t\t\t\t\t\t\t<strong>\u0141ukasz Stec<\/strong><br>\n<strong>serwis i sprzeda\u017c<\/strong><br>\n<span style=\"color: #000000;\"><a style=\"color: #000000; text-decoration: none;\" href=\"tel:+48 882 437 458\">+48 882 437 458<\/a><\/span>\n<span style=\"color: #000000;\"><a style=\"color: #000000; text-decoration: none;\" href=\"mailto:lukasz.stec@neisa.pl\">lukasz.stec@neisa.pl<\/a><\/span>\t\t\t\t\t\t\t\t<\/div>\n\t\t\t\t<\/div>\n\t\t\t\t\t<\/div>\n\t\t\t\t<\/div>\n\t\t\t\t\t<\/div>\n\t\t\t\t<\/div>\n\t\t<div class=\"elementor-element elementor-element-2fdc05d e-flex e-con-boxed e-con e-child\" data-id=\"2fdc05d\" data-element_type=\"container\">\n\t\t\t\t\t<div class=\"e-con-inner\">\n\t\t\t\t<div class=\"elementor-element elementor-element-9b890d7 elementor-widget elementor-widget-heading\" data-id=\"9b890d7\" data-element_type=\"widget\" data-widget_type=\"heading.default\">\n\t\t\t\t<div class=\"elementor-widget-container\">\n\t\t\t\t\t<h2 class=\"elementor-heading-title elementor-size-default\">lub wype\u0142nij formularz kontaktowy<\/h2>\t\t\t\t<\/div>\n\t\t\t\t<\/div>\n\t\t\t\t<div class=\"elementor-element elementor-element-10e9f94 elementor-widget elementor-widget-button\" data-id=\"10e9f94\" data-element_type=\"widget\" data-widget_type=\"button.default\">\n\t\t\t\t<div class=\"elementor-widget-container\">\n\t\t\t\t\t\t\t\t\t<div class=\"elementor-button-wrapper\">\n\t\t\t\t\t<a class=\"elementor-button elementor-button-link elementor-size-sm\" href=\"#form\">\n\t\t\t\t\t\t<span class=\"elementor-button-content-wrapper\">\n\t\t\t\t\t\t\t\t\t<span class=\"elementor-button-text\">Kliknij tutaj<\/span>\n\t\t\t\t\t<\/span>\n\t\t\t\t\t<\/a>\n\t\t\t\t<\/div>\n\t\t\t\t\t\t\t\t<\/div>\n\t\t\t\t<\/div>\n\t\t\t\t\t<\/div>\n\t\t\t\t<\/div>\n\t\t\t\t\t<\/div>\n\t\t\t\t<\/div>\n\t\t\t\t<\/div>\n\t\t\t\t\t<\/div>\n\t\t\t\t<\/div>\n\t\t<div class=\"elementor-element elementor-element-a4606f6 e-flex e-con-boxed e-con e-parent\" data-id=\"a4606f6\" data-element_type=\"container\">\n\t\t\t\t\t<div class=\"e-con-inner\">\n\t\t\t\t<div class=\"elementor-element elementor-element-26457fa elementor-align-center elementor-widget elementor-widget-button\" data-id=\"26457fa\" data-element_type=\"widget\" data-widget_type=\"button.default\">\n\t\t\t\t<div class=\"elementor-widget-container\">\n\t\t\t\t\t\t\t\t\t<div class=\"elementor-button-wrapper\">\n\t\t\t\t\t<a class=\"elementor-button elementor-button-link elementor-size-sm\" href=\"https:\/\/neisa.pl\/falowniki-abb\/przemienniki-czestotliwosci-niskiego-napiecia\/\">\n\t\t\t\t\t\t<span class=\"elementor-button-content-wrapper\">\n\t\t\t\t\t\t\t\t\t<span class=\"elementor-button-text\">Zobacz inne nasze produkty<\/span>\n\t\t\t\t\t<\/span>\n\t\t\t\t\t<\/a>\n\t\t\t\t<\/div>\n\t\t\t\t\t\t\t\t<\/div>\n\t\t\t\t<\/div>\n\t\t\t\t\t<\/div>\n\t\t\t\t<\/div>\n\t\t<div class=\"elementor-element elementor-element-5085080 e-flex e-con-boxed e-con e-parent\" data-id=\"5085080\" data-element_type=\"container\" id=\"form\">\n\t\t\t\t\t<div class=\"e-con-inner\">\n\t\t\t\t<div class=\"elementor-element elementor-element-fbc9b1b elementor-widget elementor-widget-heading\" data-id=\"fbc9b1b\" data-element_type=\"widget\" data-widget_type=\"heading.default\">\n\t\t\t\t<div class=\"elementor-widget-container\">\n\t\t\t\t\t<h2 class=\"elementor-heading-title elementor-size-default\">Chcesz wiedzie\u0107 wi\u0119cej? Zapytaj o produkt!<\/h2>\t\t\t\t<\/div>\n\t\t\t\t<\/div>\n\t\t\t\t<div class=\"elementor-element elementor-element-fa450a6 elementor-button-align-stretch elementor-widget elementor-widget-form\" data-id=\"fa450a6\" data-element_type=\"widget\" data-settings=\"{&quot;button_width&quot;:&quot;20&quot;,&quot;step_type&quot;:&quot;number_text&quot;,&quot;step_icon_shape&quot;:&quot;circle&quot;}\" data-widget_type=\"form.default\">\n\t\t\t\t<div class=\"elementor-widget-container\">\n\t\t\t\t\t\t\t<form class=\"elementor-form\" method=\"post\" name=\"New Form\" novalidate=\"\">\n\t\t\t<input type=\"hidden\" name=\"post_id\" value=\"713\"\/>\n\t\t\t<input type=\"hidden\" name=\"form_id\" value=\"fa450a6\"\/>\n\t\t\t<input type=\"hidden\" name=\"referer_title\" value=\"\" \/>\n\n\t\t\t\n\t\t\t<div class=\"elementor-form-fields-wrapper elementor-labels-\">\n\t\t\t\t\t\t\t\t<div class=\"elementor-field-type-text elementor-field-group elementor-column elementor-field-group-field_7a9efe7 elementor-col-33\">\n\t\t\t\t\t\t\t\t\t\t\t\t<label for=\"form-field-field_7a9efe7\" class=\"elementor-field-label elementor-screen-only\">\n\t\t\t\t\t\t\t\tImi\u0119\t\t\t\t\t\t\t<\/label>\n\t\t\t\t\t\t\t\t\t\t\t\t\t\t<input size=\"1\" type=\"text\" name=\"form_fields[field_7a9efe7]\" id=\"form-field-field_7a9efe7\" class=\"elementor-field elementor-size-sm  elementor-field-textual\" placeholder=\"Imi\u0119\">\n\t\t\t\t\t\t\t\t\t\t\t<\/div>\n\t\t\t\t\t\t\t\t<div class=\"elementor-field-type-text elementor-field-group elementor-column elementor-field-group-field_3fb72fc elementor-col-33\">\n\t\t\t\t\t\t\t\t\t\t\t\t<label for=\"form-field-field_3fb72fc\" class=\"elementor-field-label elementor-screen-only\">\n\t\t\t\t\t\t\t\tNazwisko\t\t\t\t\t\t\t<\/label>\n\t\t\t\t\t\t\t\t\t\t\t\t\t\t<input size=\"1\" type=\"text\" name=\"form_fields[field_3fb72fc]\" id=\"form-field-field_3fb72fc\" class=\"elementor-field elementor-size-sm  elementor-field-textual\" placeholder=\"Nazwisko\">\n\t\t\t\t\t\t\t\t\t\t\t<\/div>\n\t\t\t\t\t\t\t\t<div class=\"elementor-field-type-select elementor-field-group elementor-column elementor-field-group-field_82ac123 elementor-col-33\">\n\t\t\t\t\t\t\t\t\t\t\t\t<label for=\"form-field-field_82ac123\" class=\"elementor-field-label elementor-screen-only\">\n\t\t\t\t\t\t\t\tStandardowy\t\t\t\t\t\t\t<\/label>\n\t\t\t\t\t\t\t\t<div class=\"elementor-field elementor-select-wrapper remove-before \">\n\t\t\t<div class=\"select-caret-down-wrapper\">\n\t\t\t\t<i aria-hidden=\"true\" class=\"eicon-caret-down\"><\/i>\t\t\t<\/div>\n\t\t\t<select name=\"form_fields[field_82ac123]\" id=\"form-field-field_82ac123\" class=\"elementor-field-textual elementor-size-sm\">\n\t\t\t\t\t\t\t\t\t<option value=\"ACS355\">ACS355<\/option>\n\t\t\t\t\t\t\t\t\t<option value=\"ACS310\">ACS310<\/option>\n\t\t\t\t\t\t\t\t\t<option value=\"ACS480\">ACS480<\/option>\n\t\t\t\t\t\t\t\t\t<option value=\"ACS580\">ACS580<\/option>\n\t\t\t\t\t\t\t\t\t<option value=\"ACS880\">ACS880<\/option>\n\t\t\t\t\t\t\t\t\t<option value=\"ACS150\">ACS150<\/option>\n\t\t\t\t\t\t\t\t\t<option value=\"ACS55\">ACS55<\/option>\n\t\t\t\t\t\t\t\t\t<option value=\"ACS380\">ACS380<\/option>\n\t\t\t\t\t\t\t\t\t<option value=\"ACS180\">ACS180<\/option>\n\t\t\t\t\t\t\t\t\t<option value=\"ACH480\">ACH480<\/option>\n\t\t\t\t\t\t\t\t\t<option value=\"ACH580\">ACH580<\/option>\n\t\t\t\t\t\t\t\t\t<option value=\"ACQ580\">ACQ580<\/option>\n\t\t\t\t\t\t\t\t\t<option value=\"ACS800\">ACS800<\/option>\n\t\t\t\t\t\t\t\t\t<option value=\"ACS850\">ACS850<\/option>\n\t\t\t\t\t\t\t\t\t<option value=\"ACS550\">ACS550<\/option>\n\t\t\t\t\t\t\t\t\t<option value=\"Magistrale komunikacyjne - karty rozszerze\u0144\">Magistrale komunikacyjne - karty rozszerze\u0144<\/option>\n\t\t\t\t\t\t\t\t\t<option value=\"Interfejs u\u017cytkownika - panele\">Interfejs u\u017cytkownika - panele<\/option>\n\t\t\t\t\t\t\t\t\t<option value=\"Modu\u0142y rozszerze\u0144 We\/Wy\">Modu\u0142y rozszerze\u0144 We\/Wy<\/option>\n\t\t\t\t\t\t\t\t\t<option value=\"Filtry wyj\u015bciowe\">Filtry wyj\u015bciowe<\/option>\n\t\t\t\t\t\t\t\t\t<option value=\"Rezystory hamowania\">Rezystory hamowania<\/option>\n\t\t\t\t\t\t\t\t\t<option value=\"Standardowy\">Standardowy<\/option>\n\t\t\t\t\t\t\t<\/select>\n\t\t<\/div>\n\t\t\t\t\t\t<\/div>\n\t\t\t\t\t\t\t\t<div class=\"elementor-field-type-text elementor-field-group elementor-column elementor-field-group-name elementor-col-33\">\n\t\t\t\t\t\t\t\t\t\t\t\t<label for=\"form-field-name\" class=\"elementor-field-label elementor-screen-only\">\n\t\t\t\t\t\t\t\tNazwa firmy\t\t\t\t\t\t\t<\/label>\n\t\t\t\t\t\t\t\t\t\t\t\t\t\t<input size=\"1\" type=\"text\" name=\"form_fields[name]\" id=\"form-field-name\" class=\"elementor-field elementor-size-sm  elementor-field-textual\" placeholder=\"Nazwa firmy\">\n\t\t\t\t\t\t\t\t\t\t\t<\/div>\n\t\t\t\t\t\t\t\t<div class=\"elementor-field-type-email elementor-field-group elementor-column elementor-field-group-email elementor-col-33 elementor-field-required\">\n\t\t\t\t\t\t\t\t\t\t\t\t<label for=\"form-field-email\" class=\"elementor-field-label elementor-screen-only\">\n\t\t\t\t\t\t\t\tE-mail\t\t\t\t\t\t\t<\/label>\n\t\t\t\t\t\t\t\t\t\t\t\t\t\t<input size=\"1\" type=\"email\" name=\"form_fields[email]\" id=\"form-field-email\" class=\"elementor-field elementor-size-sm  elementor-field-textual\" placeholder=\"E-mail\" required=\"required\" aria-required=\"true\">\n\t\t\t\t\t\t\t\t\t\t\t<\/div>\n\t\t\t\t\t\t\t\t<div class=\"elementor-field-type-tel elementor-field-group elementor-column elementor-field-group-field_d0c9868 elementor-col-33 elementor-field-required\">\n\t\t\t\t\t\t\t\t\t\t\t\t<label for=\"form-field-field_d0c9868\" class=\"elementor-field-label elementor-screen-only\">\n\t\t\t\t\t\t\t\tTelefon\t\t\t\t\t\t\t<\/label>\n\t\t\t\t\t\t\t\t<input size=\"1\" type=\"tel\" name=\"form_fields[field_d0c9868]\" id=\"form-field-field_d0c9868\" class=\"elementor-field elementor-size-sm  elementor-field-textual\" placeholder=\"Telefon\" required=\"required\" aria-required=\"true\" pattern=\"[0-9()#&amp;+*-=.]+\" title=\"Only numbers and phone characters (#, -, *, etc) are accepted.\">\n\n\t\t\t\t\t\t<\/div>\n\t\t\t\t\t\t\t\t<div class=\"elementor-field-type-textarea elementor-field-group elementor-column elementor-field-group-message elementor-col-80\">\n\t\t\t\t\t\t\t\t\t\t\t\t<label for=\"form-field-message\" class=\"elementor-field-label elementor-screen-only\">\n\t\t\t\t\t\t\t\tWiadomo\u015b\u0107\t\t\t\t\t\t\t<\/label>\n\t\t\t\t\t\t<textarea class=\"elementor-field-textual elementor-field  elementor-size-sm\" name=\"form_fields[message]\" id=\"form-field-message\" rows=\"4\" placeholder=\"Wiadomo\u015b\u0107\"><\/textarea>\t\t\t\t<\/div>\n\t\t\t\t\t\t\t\t<div class=\"elementor-field-type-recaptcha_v3 elementor-field-group elementor-column elementor-field-group-field_fcf34b9 elementor-col-100 recaptcha_v3-bottomleft\">\n\t\t\t\t\t<div class=\"elementor-field\" id=\"form-field-field_fcf34b9\"><div class=\"elementor-g-recaptcha\" data-sitekey=\"6LdWlWMrAAAAAIpV_ElhEIQTgh7ObjctU_KXMOJb\" data-type=\"v3\" data-action=\"Form\" data-badge=\"bottomleft\" data-size=\"invisible\"><\/div><\/div>\t\t\t\t<\/div>\n\t\t\t\t\t\t\t\t<div class=\"elementor-field-group elementor-column elementor-field-type-submit elementor-col-20 e-form__buttons\">\n\t\t\t\t\t<button type=\"submit\" class=\"elementor-button elementor-size-sm\" id=\"btn-form-2\">\n\t\t\t\t\t\t<span >\n\t\t\t\t\t\t\t\t\t\t\t\t\t\t\t<span class=\" elementor-button-icon\">\n\t\t\t\t\t\t\t\t\t\t\t\t\t\t\t\t\t\t\t\t\t\t\t\t\t\t<\/span>\n\t\t\t\t\t\t\t\t\t\t\t\t\t\t\t\t\t\t\t\t\t\t<span class=\"elementor-button-text\">Wy\u015blij<\/span>\n\t\t\t\t\t\t\t\t\t\t\t\t\t<\/span>\n\t\t\t\t\t<\/button>\n\t\t\t\t<\/div>\n\t\t\t<\/div>\n\t\t<\/form>\n\t\t\t\t\t\t<\/div>\n\t\t\t\t<\/div>\n\t\t\t\t<div class=\"elementor-element elementor-element-0fd5a73 elementor-widget elementor-widget-text-editor\" data-id=\"0fd5a73\" data-element_type=\"widget\" data-widget_type=\"text-editor.default\">\n\t\t\t\t<div class=\"elementor-widget-container\">\n\t\t\t\t\t\t\t\t\t<p>Wysy\u0142aj\u0105c akceptujesz <span style=\"color: #7a7a7a;\"><a style=\"color: #7a7a7a; text-decoration: underline;\" href=\"https:\/\/neisa.pl\/falowniki-abb\/polityka-prywatnosci\/\">polityk\u0119 prywatno\u015bci<\/a><\/span><\/p>\t\t\t\t\t\t\t\t<\/div>\n\t\t\t\t<\/div>\n\t\t\t\t\t<\/div>\n\t\t\t\t<\/div>\n\t\t\t\t<\/div>\n\t\t","protected":false},"excerpt":{"rendered":"<p>Przemienniki cz\u0119stotliwo\u015bci &gt; ACS355 Produkcja: aktywna Czas realizacji: od 3 dni roboczych ACS355 &#8211; maszynowy przemiennik cz\u0119stotliwo\u015bci Flagowy produkt renomowanej firmy ABB, ACS355, to wszechstronne rozwi\u0105zanie stworzone z my\u015bl\u0105 o aplikacjach zwi\u0105zanych z transportem materia\u0142\u00f3w, przemys\u0142em spo\u017cywczym, przetw\u00f3rstwem gumy, tworzyw sztucznych i przemys\u0142em drzewnym. Jest to ekonomiczne i uniwersalne rozwi\u0105zanie dla r\u00f3\u017cnorodnych aplikacji nap\u0119dowych, oferuj\u0105ce [&hellip;]<\/p>\n","protected":false},"author":1,"featured_media":0,"parent":532,"menu_order":0,"comment_status":"closed","ping_status":"closed","template":"","meta":{"site-sidebar-layout":"no-sidebar","site-content-layout":"","ast-site-content-layout":"full-width-container","site-content-style":"default","site-sidebar-style":"default","ast-global-header-display":"","ast-banner-title-visibility":"","ast-main-header-display":"","ast-hfb-above-header-display":"","ast-hfb-below-header-display":"","ast-hfb-mobile-header-display":"","site-post-title":"disabled","ast-breadcrumbs-content":"","ast-featured-img":"disabled","footer-sml-layout":"","theme-transparent-header-meta":"","adv-header-id-meta":"","stick-header-meta":"","header-above-stick-meta":"","header-main-stick-meta":"","header-below-stick-meta":"","astra-migrate-meta-layouts":"default","ast-page-background-enabled":"default","ast-page-background-meta":{"desktop":{"background-color":"var(--ast-global-color-4)","background-image":"","background-repeat":"repeat","background-position":"center center","background-size":"auto","background-attachment":"scroll","background-type":"","background-media":"","overlay-type":"","overlay-color":"","overlay-opacity":"","overlay-gradient":""},"tablet":{"background-color":"","background-image":"","background-repeat":"repeat","background-position":"center center","background-size":"auto","background-attachment":"scroll","background-type":"","background-media":"","overlay-type":"","overlay-color":"","overlay-opacity":"","overlay-gradient":""},"mobile":{"background-color":"","background-image":"","background-repeat":"repeat","background-position":"center center","background-size":"auto","background-attachment":"scroll","background-type":"","background-media":"","overlay-type":"","overlay-color":"","overlay-opacity":"","overlay-gradient":""}},"ast-content-background-meta":{"desktop":{"background-color":"var(--ast-global-color-5)","background-image":"","background-repeat":"repeat","background-position":"center center","background-size":"auto","background-attachment":"scroll","background-type":"","background-media":"","overlay-type":"","overlay-color":"","overlay-opacity":"","overlay-gradient":""},"tablet":{"background-color":"var(--ast-global-color-5)","background-image":"","background-repeat":"repeat","background-position":"center center","background-size":"auto","background-attachment":"scroll","background-type":"","background-media":"","overlay-type":"","overlay-color":"","overlay-opacity":"","overlay-gradient":""},"mobile":{"background-color":"var(--ast-global-color-5)","background-image":"","background-repeat":"repeat","background-position":"center center","background-size":"auto","background-attachment":"scroll","background-type":"","background-media":"","overlay-type":"","overlay-color":"","overlay-opacity":"","overlay-gradient":""}},"footnotes":""},"class_list":["post-713","page","type-page","status-publish","hentry"],"_links":{"self":[{"href":"https:\/\/neisa.pl\/falowniki-abb\/wp-json\/wp\/v2\/pages\/713","targetHints":{"allow":["GET"]}}],"collection":[{"href":"https:\/\/neisa.pl\/falowniki-abb\/wp-json\/wp\/v2\/pages"}],"about":[{"href":"https:\/\/neisa.pl\/falowniki-abb\/wp-json\/wp\/v2\/types\/page"}],"author":[{"embeddable":true,"href":"https:\/\/neisa.pl\/falowniki-abb\/wp-json\/wp\/v2\/users\/1"}],"replies":[{"embeddable":true,"href":"https:\/\/neisa.pl\/falowniki-abb\/wp-json\/wp\/v2\/comments?post=713"}],"version-history":[{"count":16,"href":"https:\/\/neisa.pl\/falowniki-abb\/wp-json\/wp\/v2\/pages\/713\/revisions"}],"predecessor-version":[{"id":1112,"href":"https:\/\/neisa.pl\/falowniki-abb\/wp-json\/wp\/v2\/pages\/713\/revisions\/1112"}],"up":[{"embeddable":true,"href":"https:\/\/neisa.pl\/falowniki-abb\/wp-json\/wp\/v2\/pages\/532"}],"wp:attachment":[{"href":"https:\/\/neisa.pl\/falowniki-abb\/wp-json\/wp\/v2\/media?parent=713"}],"curies":[{"name":"wp","href":"https:\/\/api.w.org\/{rel}","templated":true}]}}