{"id":602,"date":"2023-12-01T09:17:47","date_gmt":"2023-12-01T08:17:47","guid":{"rendered":"https:\/\/neisa.pl\/falowniki-abb\/?page_id=602"},"modified":"2023-12-11T00:38:00","modified_gmt":"2023-12-10T23:38:00","slug":"akcesoria","status":"publish","type":"page","link":"https:\/\/neisa.pl\/falowniki-abb\/akcesoria\/","title":{"rendered":"Akcesoria"},"content":{"rendered":"\t\t<div data-elementor-type=\"wp-page\" data-elementor-id=\"602\" class=\"elementor elementor-602\" data-elementor-post-type=\"page\">\n\t\t\t\t<div class=\"elementor-element elementor-element-2d146a0 e-flex e-con-boxed e-con e-parent\" data-id=\"2d146a0\" data-element_type=\"container\">\n\t\t\t\t\t<div class=\"e-con-inner\">\n\t\t\t\t<div class=\"elementor-element elementor-element-37bca3d elementor-widget elementor-widget-spacer\" data-id=\"37bca3d\" data-element_type=\"widget\" data-widget_type=\"spacer.default\">\n\t\t\t\t<div class=\"elementor-widget-container\">\n\t\t\t\t\t\t\t<div class=\"elementor-spacer\">\n\t\t\t<div class=\"elementor-spacer-inner\"><\/div>\n\t\t<\/div>\n\t\t\t\t\t\t<\/div>\n\t\t\t\t<\/div>\n\t\t\t\t\t<\/div>\n\t\t\t\t<\/div>\n\t\t<div class=\"elementor-element elementor-element-56d03f3 e-flex e-con-boxed e-con e-parent\" data-id=\"56d03f3\" data-element_type=\"container\">\n\t\t\t\t\t<div class=\"e-con-inner\">\n\t\t<div class=\"elementor-element elementor-element-76bbb5b e-flex e-con-boxed e-con e-child\" data-id=\"76bbb5b\" data-element_type=\"container\">\n\t\t\t\t\t<div class=\"e-con-inner\">\n\t\t\t\t<div class=\"elementor-element elementor-element-1b4aa07 elementor-widget elementor-widget-heading\" data-id=\"1b4aa07\" data-element_type=\"widget\" data-widget_type=\"heading.default\">\n\t\t\t\t<div class=\"elementor-widget-container\">\n\t\t\t\t\t<h2 class=\"elementor-heading-title elementor-size-default\">Akcesoria do falownik\u00f3w ABB<\/h2>\t\t\t\t<\/div>\n\t\t\t\t<\/div>\n\t\t\t\t<div class=\"elementor-element elementor-element-9f5997e elementor-widget elementor-widget-text-editor\" data-id=\"9f5997e\" data-element_type=\"widget\" data-widget_type=\"text-editor.default\">\n\t\t\t\t<div class=\"elementor-widget-container\">\n\t\t\t\t\t\t\t\t\t<p>Oferta akcesori\u00f3w do przemiennik\u00f3w cz\u0119stotliwo\u015bci ABB to doskona\u0142e rozszerzenie mo\u017cliwo\u015bci tych zaawansowanych urz\u0105dze\u0144. Dost\u0119pne akcesoria obejmuj\u0105 karty rozszerze\u0144 wej\u015b\u0107\/wyj\u015b\u0107, modu\u0142y komunikacyjne, filtry wyj\u015bciowe, rezystory hamowania oraz panele. Te akcesoria stanowi\u0105 niezb\u0119dne dodatki do przemiennik\u00f3w (falownik\u00f3w) ABB, pomagaj\u0105c w dostosowaniu urz\u0105dze\u0144 do konkretnej aplikacji i zwi\u0119kszeniu ich funkcjonalno\u015bci.<\/p><p>Karty rozszerze\u0144 wej\u015b\u0107\/wyj\u015b\u0107 pozwalaj\u0105 na wi\u0119ksz\u0105 elastyczno\u015b\u0107 w zarz\u0105dzaniu procesami, umo\u017cliwiaj\u0105c dodatkowe punkty wej\u015bcia\/wyj\u015bcia, kt\u00f3re mo\u017cna dostosowa\u0107 do specyfiki danego zadania. Modu\u0142y komunikacyjne u\u0142atwiaj\u0105 integracj\u0119 przemiennik\u00f3w z innymi systemami i pozwalaj\u0105 na monitorowanie oraz zdalne sterowanie urz\u0105dzeniem.<\/p><p>Filtry wyj\u015bciowe pomagaj\u0105 w ochronie obwod\u00f3w i urz\u0105dze\u0144 pod\u0142\u0105czonych do przemiennika poprzez redukcj\u0119 zak\u0142\u00f3ce\u0144 i efekt\u00f3w elektromagnetycznych. Rezystory hamowania pomagaj\u0105 w efektywnym zarz\u0105dzaniu energi\u0105, absorbuj\u0105c nadmiar energii w trakcie hamowania i zabezpieczaj\u0105c przemiennik przed przepi\u0119ciami.<\/p><p>Panele umo\u017cliwiaj\u0105 wygodne sterowanie i monitorowanie pracy przemiennika, dostarczaj\u0105c operatorowi czy in\u017cynierowi intuicyjny interfejs u\u017cytkownika. Dzi\u0119ki tym akcesoriom, przemienniki cz\u0119stotliwo\u015bci ABB staj\u0105 si\u0119 jeszcze bardziej wszechstronnymi i wydajnymi narz\u0119dziami do kontroli proces\u00f3w przemys\u0142owych.<\/p>\t\t\t\t\t\t\t\t<\/div>\n\t\t\t\t<\/div>\n\t\t\t\t\t<\/div>\n\t\t\t\t<\/div>\n\t\t\t\t\t<\/div>\n\t\t\t\t<\/div>\n\t\t<div class=\"elementor-element elementor-element-8b03325 e-flex e-con-boxed e-con e-parent\" data-id=\"8b03325\" data-element_type=\"container\">\n\t\t\t\t\t<div class=\"e-con-inner\">\n\t\t<div class=\"elementor-element elementor-element-d9ca496 e-con-full e-flex e-con e-child\" data-id=\"d9ca496\" data-element_type=\"container\">\n\t\t\t\t<div class=\"elementor-element elementor-element-f45f674 elementor-widget elementor-widget-button\" data-id=\"f45f674\" data-element_type=\"widget\" data-widget_type=\"button.default\">\n\t\t\t\t<div class=\"elementor-widget-container\">\n\t\t\t\t\t\t\t\t\t<div class=\"elementor-button-wrapper\">\n\t\t\t\t\t<a class=\"elementor-button elementor-button-link elementor-size-sm\" href=\"https:\/\/neisa.pl\/falowniki-abb\/akcesoria\/magistrale-komunikacyjne-karty-rozszerzen\/\">\n\t\t\t\t\t\t<span class=\"elementor-button-content-wrapper\">\n\t\t\t\t\t\t<span class=\"elementor-button-icon\">\n\t\t\t\t<i aria-hidden=\"true\" class=\"fas fa-long-arrow-alt-right\"><\/i>\t\t\t<\/span>\n\t\t\t\t\t\t\t\t\t<span class=\"elementor-button-text\">Zobacz wi\u0119cej<\/span>\n\t\t\t\t\t<\/span>\n\t\t\t\t\t<\/a>\n\t\t\t\t<\/div>\n\t\t\t\t\t\t\t\t<\/div>\n\t\t\t\t<\/div>\n\t\t\t\t<div class=\"elementor-element elementor-element-25247a1 elementor-widget elementor-widget-heading\" data-id=\"25247a1\" data-element_type=\"widget\" data-widget_type=\"heading.default\">\n\t\t\t\t<div class=\"elementor-widget-container\">\n\t\t\t\t\t<h2 class=\"elementor-heading-title elementor-size-default\">Magistrale komunikacyjne - karty rozszerze\u0144<\/h2>\t\t\t\t<\/div>\n\t\t\t\t<\/div>\n\t\t\t\t<div class=\"elementor-element elementor-element-6030f76 elementor-widget elementor-widget-image\" data-id=\"6030f76\" data-element_type=\"widget\" data-widget_type=\"image.default\">\n\t\t\t\t<div class=\"elementor-widget-container\">\n\t\t\t\t\t\t\t\t\t\t\t\t\t\t\t<img fetchpriority=\"high\" decoding=\"async\" width=\"400\" height=\"400\" src=\"https:\/\/neisa.pl\/falowniki-abb\/wp-content\/uploads\/2023\/12\/akc_komunikacja.jpg\" class=\"attachment-large size-large wp-image-595\" alt=\"\" srcset=\"https:\/\/neisa.pl\/falowniki-abb\/wp-content\/uploads\/2023\/12\/akc_komunikacja.jpg 400w, https:\/\/neisa.pl\/falowniki-abb\/wp-content\/uploads\/2023\/12\/akc_komunikacja-300x300.jpg 300w, https:\/\/neisa.pl\/falowniki-abb\/wp-content\/uploads\/2023\/12\/akc_komunikacja-150x150.jpg 150w\" sizes=\"(max-width: 400px) 100vw, 400px\" \/>\t\t\t\t\t\t\t\t\t\t\t\t\t\t\t<\/div>\n\t\t\t\t<\/div>\n\t\t\t\t<\/div>\n\t\t<div class=\"elementor-element elementor-element-d200092 e-con-full e-flex e-con e-child\" data-id=\"d200092\" data-element_type=\"container\">\n\t\t\t\t<div class=\"elementor-element elementor-element-bf8d1a1 elementor-widget elementor-widget-button\" data-id=\"bf8d1a1\" data-element_type=\"widget\" data-widget_type=\"button.default\">\n\t\t\t\t<div class=\"elementor-widget-container\">\n\t\t\t\t\t\t\t\t\t<div class=\"elementor-button-wrapper\">\n\t\t\t\t\t<a class=\"elementor-button elementor-button-link elementor-size-sm\" href=\"https:\/\/neisa.pl\/falowniki-abb\/akcesoria\/interfejs-uzytkownika-panele\/\">\n\t\t\t\t\t\t<span class=\"elementor-button-content-wrapper\">\n\t\t\t\t\t\t<span class=\"elementor-button-icon\">\n\t\t\t\t<i aria-hidden=\"true\" class=\"fas fa-long-arrow-alt-right\"><\/i>\t\t\t<\/span>\n\t\t\t\t\t\t\t\t\t<span class=\"elementor-button-text\">Zobacz wi\u0119cej<\/span>\n\t\t\t\t\t<\/span>\n\t\t\t\t\t<\/a>\n\t\t\t\t<\/div>\n\t\t\t\t\t\t\t\t<\/div>\n\t\t\t\t<\/div>\n\t\t\t\t<div class=\"elementor-element elementor-element-7c106a2 elementor-widget elementor-widget-heading\" data-id=\"7c106a2\" data-element_type=\"widget\" data-widget_type=\"heading.default\">\n\t\t\t\t<div class=\"elementor-widget-container\">\n\t\t\t\t\t<h2 class=\"elementor-heading-title elementor-size-default\">Interfejs u\u017cytkownika - panele<\/h2>\t\t\t\t<\/div>\n\t\t\t\t<\/div>\n\t\t\t\t<div class=\"elementor-element elementor-element-eeee945 elementor-widget elementor-widget-image\" data-id=\"eeee945\" data-element_type=\"widget\" data-widget_type=\"image.default\">\n\t\t\t\t<div class=\"elementor-widget-container\">\n\t\t\t\t\t\t\t\t\t\t\t\t\t\t\t<img decoding=\"async\" width=\"250\" height=\"377\" src=\"https:\/\/neisa.pl\/falowniki-abb\/wp-content\/uploads\/2023\/12\/ABB_DC_Panel.jpg\" class=\"attachment-large size-large wp-image-558\" alt=\"\" srcset=\"https:\/\/neisa.pl\/falowniki-abb\/wp-content\/uploads\/2023\/12\/ABB_DC_Panel.jpg 250w, https:\/\/neisa.pl\/falowniki-abb\/wp-content\/uploads\/2023\/12\/ABB_DC_Panel-199x300.jpg 199w\" sizes=\"(max-width: 250px) 100vw, 250px\" \/>\t\t\t\t\t\t\t\t\t\t\t\t\t\t\t<\/div>\n\t\t\t\t<\/div>\n\t\t\t\t<\/div>\n\t\t<div class=\"elementor-element elementor-element-c86260b e-con-full e-flex e-con e-child\" data-id=\"c86260b\" data-element_type=\"container\">\n\t\t\t\t<div class=\"elementor-element elementor-element-8b2c9f5 elementor-widget elementor-widget-button\" data-id=\"8b2c9f5\" data-element_type=\"widget\" data-widget_type=\"button.default\">\n\t\t\t\t<div class=\"elementor-widget-container\">\n\t\t\t\t\t\t\t\t\t<div class=\"elementor-button-wrapper\">\n\t\t\t\t\t<a class=\"elementor-button elementor-button-link elementor-size-sm\" href=\"https:\/\/neisa.pl\/falowniki-abb\/akcesoria\/moduly-rozszerzen-we-wy\/\">\n\t\t\t\t\t\t<span class=\"elementor-button-content-wrapper\">\n\t\t\t\t\t\t<span class=\"elementor-button-icon\">\n\t\t\t\t<i aria-hidden=\"true\" class=\"fas fa-long-arrow-alt-right\"><\/i>\t\t\t<\/span>\n\t\t\t\t\t\t\t\t\t<span class=\"elementor-button-text\">Zobacz wi\u0119cej<\/span>\n\t\t\t\t\t<\/span>\n\t\t\t\t\t<\/a>\n\t\t\t\t<\/div>\n\t\t\t\t\t\t\t\t<\/div>\n\t\t\t\t<\/div>\n\t\t\t\t<div class=\"elementor-element elementor-element-5cc5783 elementor-widget elementor-widget-heading\" data-id=\"5cc5783\" data-element_type=\"widget\" data-widget_type=\"heading.default\">\n\t\t\t\t<div class=\"elementor-widget-container\">\n\t\t\t\t\t<h2 class=\"elementor-heading-title elementor-size-default\">Modu\u0142y rozszerze\u0144 We\/Wy<\/h2>\t\t\t\t<\/div>\n\t\t\t\t<\/div>\n\t\t\t\t<div class=\"elementor-element elementor-element-a9c31cf elementor-widget elementor-widget-image\" data-id=\"a9c31cf\" data-element_type=\"widget\" data-widget_type=\"image.default\">\n\t\t\t\t<div class=\"elementor-widget-container\">\n\t\t\t\t\t\t\t\t\t\t\t\t\t\t\t<img decoding=\"async\" width=\"360\" height=\"540\" src=\"https:\/\/neisa.pl\/falowniki-abb\/wp-content\/uploads\/2023\/12\/ABB_modul_rozsz.jpg\" class=\"attachment-large size-large wp-image-562\" alt=\"\" srcset=\"https:\/\/neisa.pl\/falowniki-abb\/wp-content\/uploads\/2023\/12\/ABB_modul_rozsz.jpg 360w, https:\/\/neisa.pl\/falowniki-abb\/wp-content\/uploads\/2023\/12\/ABB_modul_rozsz-200x300.jpg 200w\" sizes=\"(max-width: 360px) 100vw, 360px\" \/>\t\t\t\t\t\t\t\t\t\t\t\t\t\t\t<\/div>\n\t\t\t\t<\/div>\n\t\t\t\t<\/div>\n\t\t\t\t\t<\/div>\n\t\t\t\t<\/div>\n\t\t<div class=\"elementor-element elementor-element-ca862a0 e-flex e-con-boxed e-con e-parent\" data-id=\"ca862a0\" data-element_type=\"container\">\n\t\t\t\t\t<div class=\"e-con-inner\">\n\t\t<div class=\"elementor-element elementor-element-bec95f4 e-con-full e-flex e-con e-child\" data-id=\"bec95f4\" data-element_type=\"container\">\n\t\t\t\t<div class=\"elementor-element elementor-element-bb67419 elementor-widget elementor-widget-button\" data-id=\"bb67419\" data-element_type=\"widget\" data-widget_type=\"button.default\">\n\t\t\t\t<div class=\"elementor-widget-container\">\n\t\t\t\t\t\t\t\t\t<div class=\"elementor-button-wrapper\">\n\t\t\t\t\t<a class=\"elementor-button elementor-button-link elementor-size-sm\" href=\"https:\/\/neisa.pl\/falowniki-abb\/akcesoria\/filtry-wyjsciowe\/\">\n\t\t\t\t\t\t<span class=\"elementor-button-content-wrapper\">\n\t\t\t\t\t\t<span class=\"elementor-button-icon\">\n\t\t\t\t<i aria-hidden=\"true\" class=\"fas fa-long-arrow-alt-right\"><\/i>\t\t\t<\/span>\n\t\t\t\t\t\t\t\t\t<span class=\"elementor-button-text\">Zobacz wi\u0119cej<\/span>\n\t\t\t\t\t<\/span>\n\t\t\t\t\t<\/a>\n\t\t\t\t<\/div>\n\t\t\t\t\t\t\t\t<\/div>\n\t\t\t\t<\/div>\n\t\t\t\t<div class=\"elementor-element elementor-element-2020664 elementor-widget elementor-widget-heading\" data-id=\"2020664\" data-element_type=\"widget\" data-widget_type=\"heading.default\">\n\t\t\t\t<div class=\"elementor-widget-container\">\n\t\t\t\t\t<h2 class=\"elementor-heading-title elementor-size-default\">Filtry wyj\u015bciowe<\/h2>\t\t\t\t<\/div>\n\t\t\t\t<\/div>\n\t\t\t\t<div class=\"elementor-element elementor-element-44040db elementor-widget elementor-widget-image\" data-id=\"44040db\" data-element_type=\"widget\" data-widget_type=\"image.default\">\n\t\t\t\t<div class=\"elementor-widget-container\">\n\t\t\t\t\t\t\t\t\t\t\t\t\t\t\t<img loading=\"lazy\" decoding=\"async\" width=\"393\" height=\"540\" src=\"https:\/\/neisa.pl\/falowniki-abb\/wp-content\/uploads\/2023\/12\/ABB_filter.jpg\" class=\"attachment-large size-large wp-image-559\" alt=\"\" srcset=\"https:\/\/neisa.pl\/falowniki-abb\/wp-content\/uploads\/2023\/12\/ABB_filter.jpg 393w, https:\/\/neisa.pl\/falowniki-abb\/wp-content\/uploads\/2023\/12\/ABB_filter-218x300.jpg 218w\" sizes=\"(max-width: 393px) 100vw, 393px\" \/>\t\t\t\t\t\t\t\t\t\t\t\t\t\t\t<\/div>\n\t\t\t\t<\/div>\n\t\t\t\t<\/div>\n\t\t<div class=\"elementor-element elementor-element-43db384 e-con-full e-flex e-con e-child\" data-id=\"43db384\" data-element_type=\"container\">\n\t\t\t\t<div class=\"elementor-element elementor-element-7a0d94f elementor-widget elementor-widget-button\" data-id=\"7a0d94f\" data-element_type=\"widget\" data-widget_type=\"button.default\">\n\t\t\t\t<div class=\"elementor-widget-container\">\n\t\t\t\t\t\t\t\t\t<div class=\"elementor-button-wrapper\">\n\t\t\t\t\t<a class=\"elementor-button elementor-button-link elementor-size-sm\" href=\"https:\/\/neisa.pl\/falowniki-abb\/akcesoria\/rezystory-hamowania\/\">\n\t\t\t\t\t\t<span class=\"elementor-button-content-wrapper\">\n\t\t\t\t\t\t<span class=\"elementor-button-icon\">\n\t\t\t\t<i aria-hidden=\"true\" class=\"fas fa-long-arrow-alt-right\"><\/i>\t\t\t<\/span>\n\t\t\t\t\t\t\t\t\t<span class=\"elementor-button-text\">Zobacz wi\u0119cej<\/span>\n\t\t\t\t\t<\/span>\n\t\t\t\t\t<\/a>\n\t\t\t\t<\/div>\n\t\t\t\t\t\t\t\t<\/div>\n\t\t\t\t<\/div>\n\t\t\t\t<div class=\"elementor-element elementor-element-c0c811f elementor-widget elementor-widget-heading\" data-id=\"c0c811f\" data-element_type=\"widget\" data-widget_type=\"heading.default\">\n\t\t\t\t<div class=\"elementor-widget-container\">\n\t\t\t\t\t<h2 class=\"elementor-heading-title elementor-size-default\">Rezystory hamowania<\/h2>\t\t\t\t<\/div>\n\t\t\t\t<\/div>\n\t\t\t\t<div class=\"elementor-element elementor-element-43864ff elementor-widget elementor-widget-image\" data-id=\"43864ff\" data-element_type=\"widget\" data-widget_type=\"image.default\">\n\t\t\t\t<div class=\"elementor-widget-container\">\n\t\t\t\t\t\t\t\t\t\t\t\t\t\t\t<img loading=\"lazy\" decoding=\"async\" width=\"434\" height=\"540\" src=\"https:\/\/neisa.pl\/falowniki-abb\/wp-content\/uploads\/2023\/12\/ABB_rezystor.jpg\" class=\"attachment-large size-large wp-image-566\" alt=\"\" srcset=\"https:\/\/neisa.pl\/falowniki-abb\/wp-content\/uploads\/2023\/12\/ABB_rezystor.jpg 434w, https:\/\/neisa.pl\/falowniki-abb\/wp-content\/uploads\/2023\/12\/ABB_rezystor-241x300.jpg 241w\" sizes=\"(max-width: 434px) 100vw, 434px\" \/>\t\t\t\t\t\t\t\t\t\t\t\t\t\t\t<\/div>\n\t\t\t\t<\/div>\n\t\t\t\t<\/div>\n\t\t\t\t\t<\/div>\n\t\t\t\t<\/div>\n\t\t<div class=\"elementor-element elementor-element-ac741b6 e-flex e-con-boxed e-con e-parent\" data-id=\"ac741b6\" data-element_type=\"container\">\n\t\t\t\t\t<div class=\"e-con-inner\">\n\t\t\t\t<div class=\"elementor-element elementor-element-2e77fa2 elementor-widget elementor-widget-heading\" data-id=\"2e77fa2\" data-element_type=\"widget\" data-widget_type=\"heading.default\">\n\t\t\t\t<div class=\"elementor-widget-container\">\n\t\t\t\t\t<h2 class=\"elementor-heading-title elementor-size-default\">Masz wi\u0119cej pyta\u0144? Skontaktuj si\u0119 z nami<\/h2>\t\t\t\t<\/div>\n\t\t\t\t<\/div>\n\t\t\t\t<div class=\"elementor-element elementor-element-101869e elementor-button-align-stretch elementor-widget elementor-widget-form\" data-id=\"101869e\" data-element_type=\"widget\" data-settings=\"{&quot;button_width&quot;:&quot;20&quot;,&quot;step_type&quot;:&quot;number_text&quot;,&quot;step_icon_shape&quot;:&quot;circle&quot;}\" data-widget_type=\"form.default\">\n\t\t\t\t<div class=\"elementor-widget-container\">\n\t\t\t\t\t\t\t<form class=\"elementor-form\" method=\"post\" name=\"New Form\" novalidate=\"\">\n\t\t\t<input type=\"hidden\" name=\"post_id\" value=\"602\"\/>\n\t\t\t<input type=\"hidden\" name=\"form_id\" value=\"101869e\"\/>\n\t\t\t<input type=\"hidden\" name=\"referer_title\" value=\"\" \/>\n\n\t\t\t\n\t\t\t<div class=\"elementor-form-fields-wrapper elementor-labels-\">\n\t\t\t\t\t\t\t\t<div class=\"elementor-field-type-text elementor-field-group elementor-column elementor-field-group-name elementor-col-33\">\n\t\t\t\t\t\t\t\t\t\t\t\t<label for=\"form-field-name\" class=\"elementor-field-label elementor-screen-only\">\n\t\t\t\t\t\t\t\tImi\u0119\t\t\t\t\t\t\t<\/label>\n\t\t\t\t\t\t\t\t\t\t\t\t\t\t<input size=\"1\" type=\"text\" name=\"form_fields[name]\" id=\"form-field-name\" class=\"elementor-field elementor-size-sm  elementor-field-textual\" placeholder=\"Imi\u0119\">\n\t\t\t\t\t\t\t\t\t\t\t<\/div>\n\t\t\t\t\t\t\t\t<div class=\"elementor-field-type-email elementor-field-group elementor-column elementor-field-group-email elementor-col-33 elementor-field-required\">\n\t\t\t\t\t\t\t\t\t\t\t\t<label for=\"form-field-email\" class=\"elementor-field-label elementor-screen-only\">\n\t\t\t\t\t\t\t\tE-mail\t\t\t\t\t\t\t<\/label>\n\t\t\t\t\t\t\t\t\t\t\t\t\t\t<input size=\"1\" type=\"email\" name=\"form_fields[email]\" id=\"form-field-email\" class=\"elementor-field elementor-size-sm  elementor-field-textual\" placeholder=\"E-mail\" required=\"required\" aria-required=\"true\">\n\t\t\t\t\t\t\t\t\t\t\t<\/div>\n\t\t\t\t\t\t\t\t<div class=\"elementor-field-type-tel elementor-field-group elementor-column elementor-field-group-field_d0c9868 elementor-col-33 elementor-field-required\">\n\t\t\t\t\t\t\t\t\t\t\t\t<label for=\"form-field-field_d0c9868\" class=\"elementor-field-label elementor-screen-only\">\n\t\t\t\t\t\t\t\tTelefon\t\t\t\t\t\t\t<\/label>\n\t\t\t\t\t\t\t\t<input size=\"1\" type=\"tel\" name=\"form_fields[field_d0c9868]\" id=\"form-field-field_d0c9868\" class=\"elementor-field elementor-size-sm  elementor-field-textual\" placeholder=\"Telefon\" required=\"required\" aria-required=\"true\" pattern=\"[0-9()#&amp;+*-=.]+\" title=\"Only numbers and phone characters (#, -, *, etc) are accepted.\">\n\n\t\t\t\t\t\t<\/div>\n\t\t\t\t\t\t\t\t<div class=\"elementor-field-type-textarea elementor-field-group elementor-column elementor-field-group-message elementor-col-80\">\n\t\t\t\t\t\t\t\t\t\t\t\t<label for=\"form-field-message\" class=\"elementor-field-label elementor-screen-only\">\n\t\t\t\t\t\t\t\tWiadomo\u015b\u0107\t\t\t\t\t\t\t<\/label>\n\t\t\t\t\t\t<textarea class=\"elementor-field-textual elementor-field  elementor-size-sm\" name=\"form_fields[message]\" id=\"form-field-message\" rows=\"4\" placeholder=\"Wiadomo\u015b\u0107\"><\/textarea>\t\t\t\t<\/div>\n\t\t\t\t\t\t\t\t<div class=\"elementor-field-type-recaptcha_v3 elementor-field-group elementor-column elementor-field-group-field_5202e07 elementor-col-100 recaptcha_v3-bottomleft\">\n\t\t\t\t\t<div class=\"elementor-field\" id=\"form-field-field_5202e07\"><div class=\"elementor-g-recaptcha\" data-sitekey=\"6LdWlWMrAAAAAIpV_ElhEIQTgh7ObjctU_KXMOJb\" data-type=\"v3\" data-action=\"Form\" data-badge=\"bottomleft\" data-size=\"invisible\"><\/div><\/div>\t\t\t\t<\/div>\n\t\t\t\t\t\t\t\t<div class=\"elementor-field-group elementor-column elementor-field-type-submit elementor-col-20 e-form__buttons\">\n\t\t\t\t\t<button type=\"submit\" class=\"elementor-button elementor-size-sm\" id=\"btn-form-1\">\n\t\t\t\t\t\t<span >\n\t\t\t\t\t\t\t\t\t\t\t\t\t\t\t<span class=\" elementor-button-icon\">\n\t\t\t\t\t\t\t\t\t\t\t\t\t\t\t\t\t\t\t\t\t\t\t\t\t\t<\/span>\n\t\t\t\t\t\t\t\t\t\t\t\t\t\t\t\t\t\t\t\t\t\t<span class=\"elementor-button-text\">Wy\u015blij<\/span>\n\t\t\t\t\t\t\t\t\t\t\t\t\t<\/span>\n\t\t\t\t\t<\/button>\n\t\t\t\t<\/div>\n\t\t\t<\/div>\n\t\t<\/form>\n\t\t\t\t\t\t<\/div>\n\t\t\t\t<\/div>\n\t\t\t\t<div class=\"elementor-element elementor-element-1b5e5b9 elementor-widget elementor-widget-text-editor\" data-id=\"1b5e5b9\" data-element_type=\"widget\" data-widget_type=\"text-editor.default\">\n\t\t\t\t<div class=\"elementor-widget-container\">\n\t\t\t\t\t\t\t\t\tWysy\u0142aj\u0105c akceptujesz polityk\u0119 prywatno\u015bci\t\t\t\t\t\t\t\t<\/div>\n\t\t\t\t<\/div>\n\t\t\t\t\t<\/div>\n\t\t\t\t<\/div>\n\t\t\t\t<\/div>\n\t\t","protected":false},"excerpt":{"rendered":"<p>Akcesoria do falownik\u00f3w ABB Oferta akcesori\u00f3w do przemiennik\u00f3w cz\u0119stotliwo\u015bci ABB to doskona\u0142e rozszerzenie mo\u017cliwo\u015bci tych zaawansowanych urz\u0105dze\u0144. Dost\u0119pne akcesoria obejmuj\u0105 karty rozszerze\u0144 wej\u015b\u0107\/wyj\u015b\u0107, modu\u0142y komunikacyjne, filtry wyj\u015bciowe, rezystory hamowania oraz panele. Te akcesoria stanowi\u0105 niezb\u0119dne dodatki do przemiennik\u00f3w (falownik\u00f3w) ABB, pomagaj\u0105c w dostosowaniu urz\u0105dze\u0144 do konkretnej aplikacji i zwi\u0119kszeniu ich funkcjonalno\u015bci. Karty rozszerze\u0144 wej\u015b\u0107\/wyj\u015b\u0107 pozwalaj\u0105 [&hellip;]<\/p>\n","protected":false},"author":1,"featured_media":0,"parent":0,"menu_order":0,"comment_status":"closed","ping_status":"closed","template":"","meta":{"site-sidebar-layout":"no-sidebar","site-content-layout":"","ast-site-content-layout":"full-width-container","site-content-style":"default","site-sidebar-style":"default","ast-global-header-display":"","ast-banner-title-visibility":"","ast-main-header-display":"","ast-hfb-above-header-display":"","ast-hfb-below-header-display":"","ast-hfb-mobile-header-display":"","site-post-title":"disabled","ast-breadcrumbs-content":"","ast-featured-img":"disabled","footer-sml-layout":"","theme-transparent-header-meta":"","adv-header-id-meta":"","stick-header-meta":"","header-above-stick-meta":"","header-main-stick-meta":"","header-below-stick-meta":"","astra-migrate-meta-layouts":"default","ast-page-background-enabled":"default","ast-page-background-meta":{"desktop":{"background-color":"var(--ast-global-color-4)","background-image":"","background-repeat":"repeat","background-position":"center center","background-size":"auto","background-attachment":"scroll","background-type":"","background-media":"","overlay-type":"","overlay-color":"","overlay-opacity":"","overlay-gradient":""},"tablet":{"background-color":"","background-image":"","background-repeat":"repeat","background-position":"center center","background-size":"auto","background-attachment":"scroll","background-type":"","background-media":"","overlay-type":"","overlay-color":"","overlay-opacity":"","overlay-gradient":""},"mobile":{"background-color":"","background-image":"","background-repeat":"repeat","background-position":"center center","background-size":"auto","background-attachment":"scroll","background-type":"","background-media":"","overlay-type":"","overlay-color":"","overlay-opacity":"","overlay-gradient":""}},"ast-content-background-meta":{"desktop":{"background-color":"var(--ast-global-color-5)","background-image":"","background-repeat":"repeat","background-position":"center center","background-size":"auto","background-attachment":"scroll","background-type":"","background-media":"","overlay-type":"","overlay-color":"","overlay-opacity":"","overlay-gradient":""},"tablet":{"background-color":"var(--ast-global-color-5)","background-image":"","background-repeat":"repeat","background-position":"center center","background-size":"auto","background-attachment":"scroll","background-type":"","background-media":"","overlay-type":"","overlay-color":"","overlay-opacity":"","overlay-gradient":""},"mobile":{"background-color":"var(--ast-global-color-5)","background-image":"","background-repeat":"repeat","background-position":"center center","background-size":"auto","background-attachment":"scroll","background-type":"","background-media":"","overlay-type":"","overlay-color":"","overlay-opacity":"","overlay-gradient":""}},"footnotes":""},"class_list":["post-602","page","type-page","status-publish","hentry"],"_links":{"self":[{"href":"https:\/\/neisa.pl\/falowniki-abb\/wp-json\/wp\/v2\/pages\/602","targetHints":{"allow":["GET"]}}],"collection":[{"href":"https:\/\/neisa.pl\/falowniki-abb\/wp-json\/wp\/v2\/pages"}],"about":[{"href":"https:\/\/neisa.pl\/falowniki-abb\/wp-json\/wp\/v2\/types\/page"}],"author":[{"embeddable":true,"href":"https:\/\/neisa.pl\/falowniki-abb\/wp-json\/wp\/v2\/users\/1"}],"replies":[{"embeddable":true,"href":"https:\/\/neisa.pl\/falowniki-abb\/wp-json\/wp\/v2\/comments?post=602"}],"version-history":[{"count":22,"href":"https:\/\/neisa.pl\/falowniki-abb\/wp-json\/wp\/v2\/pages\/602\/revisions"}],"predecessor-version":[{"id":998,"href":"https:\/\/neisa.pl\/falowniki-abb\/wp-json\/wp\/v2\/pages\/602\/revisions\/998"}],"wp:attachment":[{"href":"https:\/\/neisa.pl\/falowniki-abb\/wp-json\/wp\/v2\/media?parent=602"}],"curies":[{"name":"wp","href":"https:\/\/api.w.org\/{rel}","templated":true}]}}