{"id":256,"date":"2021-08-02T13:02:17","date_gmt":"2021-08-02T11:02:17","guid":{"rendered":"https:\/\/neisa.pl\/falowniki-abb\/?page_id=256"},"modified":"2024-02-11T20:34:48","modified_gmt":"2024-02-11T19:34:48","slug":"kontakt","status":"publish","type":"page","link":"https:\/\/neisa.pl\/falowniki-abb\/kontakt\/","title":{"rendered":"Kontakt"},"content":{"rendered":"\t\t<div data-elementor-type=\"wp-page\" data-elementor-id=\"256\" class=\"elementor elementor-256\" data-elementor-post-type=\"page\">\n\t\t\t\t<div class=\"elementor-element elementor-element-cb59c35 e-flex e-con-boxed e-con e-parent\" data-id=\"cb59c35\" data-element_type=\"container\">\n\t\t\t\t\t<div class=\"e-con-inner\">\n\t\t\t\t<div class=\"elementor-element elementor-element-a1da5f5 elementor-widget elementor-widget-spacer\" data-id=\"a1da5f5\" data-element_type=\"widget\" data-widget_type=\"spacer.default\">\n\t\t\t\t<div class=\"elementor-widget-container\">\n\t\t\t\t\t\t\t<div class=\"elementor-spacer\">\n\t\t\t<div class=\"elementor-spacer-inner\"><\/div>\n\t\t<\/div>\n\t\t\t\t\t\t<\/div>\n\t\t\t\t<\/div>\n\t\t\t\t\t<\/div>\n\t\t\t\t<\/div>\n\t\t<div class=\"elementor-element elementor-element-5f65f91 e-flex e-con-boxed e-con e-parent\" data-id=\"5f65f91\" data-element_type=\"container\">\n\t\t\t\t\t<div class=\"e-con-inner\">\n\t\t<div class=\"elementor-element elementor-element-4780222 e-flex e-con-boxed e-con e-child\" data-id=\"4780222\" data-element_type=\"container\">\n\t\t\t\t\t<div class=\"e-con-inner\">\n\t\t\t\t<div class=\"elementor-element elementor-element-5b4a44b elementor-widget elementor-widget-heading\" data-id=\"5b4a44b\" data-element_type=\"widget\" data-widget_type=\"heading.default\">\n\t\t\t\t<div class=\"elementor-widget-container\">\n\t\t\t\t\t<h2 class=\"elementor-heading-title elementor-size-default\">Zobacz obszary dzia\u0142ania \nnaszych specjalist\u00f3w<\/h2>\t\t\t\t<\/div>\n\t\t\t\t<\/div>\n\t\t<div class=\"elementor-element elementor-element-8af6330 e-flex e-con-boxed e-con e-child\" data-id=\"8af6330\" data-element_type=\"container\">\n\t\t\t\t\t<div class=\"e-con-inner\">\n\t\t\t\t<div class=\"elementor-element elementor-element-5b77d89 elementor-widget elementor-widget-image\" data-id=\"5b77d89\" data-element_type=\"widget\" data-widget_type=\"image.default\">\n\t\t\t\t<div class=\"elementor-widget-container\">\n\t\t\t\t\t\t\t\t\t\t\t\t\t\t\t<img fetchpriority=\"high\" decoding=\"async\" width=\"549\" height=\"517\" src=\"https:\/\/neisa.pl\/falowniki-abb\/wp-content\/uploads\/2023\/12\/Group-451-1.png\" class=\"attachment-large size-large wp-image-1137\" alt=\"\" srcset=\"https:\/\/neisa.pl\/falowniki-abb\/wp-content\/uploads\/2023\/12\/Group-451-1.png 549w, https:\/\/neisa.pl\/falowniki-abb\/wp-content\/uploads\/2023\/12\/Group-451-1-300x283.png 300w\" sizes=\"(max-width: 549px) 100vw, 549px\" \/>\t\t\t\t\t\t\t\t\t\t\t\t\t\t\t<\/div>\n\t\t\t\t<\/div>\n\t\t<div class=\"elementor-element elementor-element-92a1c57 e-con-full e-flex e-con e-child\" data-id=\"92a1c57\" data-element_type=\"container\">\n\t\t<div class=\"elementor-element elementor-element-feacbd2 e-flex e-con-boxed e-con e-child\" data-id=\"feacbd2\" data-element_type=\"container\">\n\t\t\t\t\t<div class=\"e-con-inner\">\n\t\t\t\t<div class=\"elementor-element elementor-element-5d4c60b elementor-widget elementor-widget-text-editor\" data-id=\"5d4c60b\" data-element_type=\"widget\" data-widget_type=\"text-editor.default\">\n\t\t\t\t<div class=\"elementor-widget-container\">\n\t\t\t\t\t\t\t\t\t<strong>Karol Turek<\/strong>\n<strong><br>serwis i sprzeda\u017c<\/strong><br>\n<span style=\"color: #000000;\"><a style=\"color: #000000;\" href=\"tel:+48 694 360 034\">+48 694 360 034<\/a><\/span><br>\n<span style=\"color: #000000;\"><a style=\"color: #000000;\" href=\"mailto:karol.turek@neisa.pl\">karol.turek@neisa.pl<\/a><\/span>\t\t\t\t\t\t\t\t<\/div>\n\t\t\t\t<\/div>\n\t\t\t\t\t<\/div>\n\t\t\t\t<\/div>\n\t\t<div class=\"elementor-element elementor-element-38a58ae e-flex e-con-boxed e-con e-child\" data-id=\"38a58ae\" data-element_type=\"container\">\n\t\t\t\t\t<div class=\"e-con-inner\">\n\t\t\t\t<div class=\"elementor-element elementor-element-d7ae406 elementor-widget elementor-widget-text-editor\" data-id=\"d7ae406\" data-element_type=\"widget\" data-widget_type=\"text-editor.default\">\n\t\t\t\t<div class=\"elementor-widget-container\">\n\t\t\t\t\t\t\t\t\t<strong>\u0141ukasz Stec<\/strong><br>\n<strong>serwis i sprzeda\u017c<\/strong><br>\n<span style=\"color: #000000;\"><a style=\"color: #000000;\" href=\"tel:+48 882 437 458\">+48 882 437 458<\/a><\/span><br>\n<span style=\"color: #000000;\"><a style=\"color: #000000;\" href=\"mailto:lukasz.stec@neisa.pl\">lukasz.stec@neisa.pl<\/a><\/span>\t\t\t\t\t\t\t\t<\/div>\n\t\t\t\t<\/div>\n\t\t\t\t\t<\/div>\n\t\t\t\t<\/div>\n\t\t\t\t<\/div>\n\t\t\t\t\t<\/div>\n\t\t\t\t<\/div>\n\t\t<div class=\"elementor-element elementor-element-981d593 e-flex e-con-boxed e-con e-child\" data-id=\"981d593\" data-element_type=\"container\">\n\t\t\t\t\t<div class=\"e-con-inner\">\n\t\t<div class=\"elementor-element elementor-element-9dbbf8a e-con-full e-flex e-con e-child\" data-id=\"9dbbf8a\" data-element_type=\"container\">\n\t\t\t\t<div class=\"elementor-element elementor-element-43deb72 elementor-widget elementor-widget-image\" data-id=\"43deb72\" data-element_type=\"widget\" data-widget_type=\"image.default\">\n\t\t\t\t<div class=\"elementor-widget-container\">\n\t\t\t\t\t\t\t\t\t\t\t\t\t\t\t<img decoding=\"async\" width=\"484\" height=\"68\" src=\"https:\/\/neisa.pl\/falowniki-abb\/wp-content\/uploads\/2023\/12\/Frame-402-1.png\" class=\"attachment-large size-large wp-image-1138\" alt=\"\" srcset=\"https:\/\/neisa.pl\/falowniki-abb\/wp-content\/uploads\/2023\/12\/Frame-402-1.png 484w, https:\/\/neisa.pl\/falowniki-abb\/wp-content\/uploads\/2023\/12\/Frame-402-1-300x42.png 300w\" sizes=\"(max-width: 484px) 100vw, 484px\" \/>\t\t\t\t\t\t\t\t\t\t\t\t\t\t\t<\/div>\n\t\t\t\t<\/div>\n\t\t<a class=\"elementor-element elementor-element-d24c2b3 e-con-full e-flex e-con e-child\" data-id=\"d24c2b3\" data-element_type=\"container\" href=\"https:\/\/maps.app.goo.gl\/WUXbTjr6tP2GdoKXA\" target=\"_blank\">\n\t\t\t\t<div class=\"elementor-element elementor-element-63a9f6a elementor-widget elementor-widget-image\" data-id=\"63a9f6a\" data-element_type=\"widget\" data-widget_type=\"image.default\">\n\t\t\t\t<div class=\"elementor-widget-container\">\n\t\t\t\t\t\t\t\t\t\t\t\t\t\t\t<img decoding=\"async\" width=\"18\" height=\"27\" src=\"https:\/\/neisa.pl\/falowniki-abb\/wp-content\/uploads\/2024\/02\/Object.svg\" class=\"attachment-large size-large wp-image-1188\" alt=\"\" \/>\t\t\t\t\t\t\t\t\t\t\t\t\t\t\t<\/div>\n\t\t\t\t<\/div>\n\t\t\t\t<div class=\"elementor-element elementor-element-a2fbe1b elementor-widget elementor-widget-heading\" data-id=\"a2fbe1b\" data-element_type=\"widget\" data-widget_type=\"heading.default\">\n\t\t\t\t<div class=\"elementor-widget-container\">\n\t\t\t\t\t<h2 class=\"elementor-heading-title elementor-size-default\">Poka\u017c na mapie<\/h2>\t\t\t\t<\/div>\n\t\t\t\t<\/div>\n\t\t\t\t<\/a>\n\t\t\t\t<\/div>\n\t\t<div class=\"elementor-element elementor-element-e0dcfea e-con-full e-flex e-con e-child\" data-id=\"e0dcfea\" data-element_type=\"container\">\n\t\t\t\t<div class=\"elementor-element elementor-element-ece85fa elementor-widget elementor-widget-image\" data-id=\"ece85fa\" data-element_type=\"widget\" data-widget_type=\"image.default\">\n\t\t\t\t<div class=\"elementor-widget-container\">\n\t\t\t\t\t\t\t\t\t\t\t\t\t\t\t<img loading=\"lazy\" decoding=\"async\" width=\"275\" height=\"68\" src=\"https:\/\/neisa.pl\/falowniki-abb\/wp-content\/uploads\/2023\/12\/Frame-401-1.png\" class=\"attachment-large size-large wp-image-1139\" alt=\"\" \/>\t\t\t\t\t\t\t\t\t\t\t\t\t\t\t<\/div>\n\t\t\t\t<\/div>\n\t\t<a class=\"elementor-element elementor-element-70c8cf7 e-con-full e-flex e-con e-child\" data-id=\"70c8cf7\" data-element_type=\"container\" href=\"https:\/\/maps.app.goo.gl\/DED7934PN9z1Qajg9\" target=\"_blank\">\n\t\t\t\t<div class=\"elementor-element elementor-element-40a76b9 elementor-widget elementor-widget-image\" data-id=\"40a76b9\" data-element_type=\"widget\" data-widget_type=\"image.default\">\n\t\t\t\t<div class=\"elementor-widget-container\">\n\t\t\t\t\t\t\t\t\t\t\t\t\t\t\t<img decoding=\"async\" width=\"18\" height=\"27\" src=\"https:\/\/neisa.pl\/falowniki-abb\/wp-content\/uploads\/2024\/02\/Object.svg\" class=\"attachment-large size-large wp-image-1188\" alt=\"\" \/>\t\t\t\t\t\t\t\t\t\t\t\t\t\t\t<\/div>\n\t\t\t\t<\/div>\n\t\t\t\t<div class=\"elementor-element elementor-element-9efddb5 elementor-widget elementor-widget-heading\" data-id=\"9efddb5\" data-element_type=\"widget\" data-widget_type=\"heading.default\">\n\t\t\t\t<div class=\"elementor-widget-container\">\n\t\t\t\t\t<h2 class=\"elementor-heading-title elementor-size-default\">Poka\u017c na mapie<\/h2>\t\t\t\t<\/div>\n\t\t\t\t<\/div>\n\t\t\t\t<\/a>\n\t\t\t\t<\/div>\n\t\t<div class=\"elementor-element elementor-element-118a418 e-con-full e-flex e-con e-child\" data-id=\"118a418\" data-element_type=\"container\">\n\t\t\t\t<div class=\"elementor-element elementor-element-bfae6d5 elementor-widget elementor-widget-image\" data-id=\"bfae6d5\" data-element_type=\"widget\" data-widget_type=\"image.default\">\n\t\t\t\t<div class=\"elementor-widget-container\">\n\t\t\t\t\t\t\t\t\t\t\t\t\t\t\t<img loading=\"lazy\" decoding=\"async\" width=\"276\" height=\"68\" src=\"https:\/\/neisa.pl\/falowniki-abb\/wp-content\/uploads\/2023\/12\/Frame-400-1.png\" class=\"attachment-large size-large wp-image-1140\" alt=\"\" \/>\t\t\t\t\t\t\t\t\t\t\t\t\t\t\t<\/div>\n\t\t\t\t<\/div>\n\t\t<a class=\"elementor-element elementor-element-66dd0b9 e-con-full e-flex e-con e-child\" data-id=\"66dd0b9\" data-element_type=\"container\" href=\"https:\/\/maps.app.goo.gl\/wpcebtb9dA7Dyrwr6\" target=\"_blank\">\n\t\t\t\t<div class=\"elementor-element elementor-element-c0e44a8 elementor-widget elementor-widget-image\" data-id=\"c0e44a8\" data-element_type=\"widget\" data-widget_type=\"image.default\">\n\t\t\t\t<div class=\"elementor-widget-container\">\n\t\t\t\t\t\t\t\t\t\t\t\t\t\t\t<img decoding=\"async\" width=\"18\" height=\"27\" src=\"https:\/\/neisa.pl\/falowniki-abb\/wp-content\/uploads\/2024\/02\/Object.svg\" class=\"attachment-large size-large wp-image-1188\" alt=\"\" \/>\t\t\t\t\t\t\t\t\t\t\t\t\t\t\t<\/div>\n\t\t\t\t<\/div>\n\t\t\t\t<div class=\"elementor-element elementor-element-eac8e09 elementor-widget elementor-widget-heading\" data-id=\"eac8e09\" data-element_type=\"widget\" data-widget_type=\"heading.default\">\n\t\t\t\t<div class=\"elementor-widget-container\">\n\t\t\t\t\t<h2 class=\"elementor-heading-title elementor-size-default\">Poka\u017c na mapie<\/h2>\t\t\t\t<\/div>\n\t\t\t\t<\/div>\n\t\t\t\t<\/a>\n\t\t\t\t<\/div>\n\t\t\t\t\t<\/div>\n\t\t\t\t<\/div>\n\t\t\t\t\t<\/div>\n\t\t\t\t<\/div>\n\t\t\t\t\t<\/div>\n\t\t\t\t<\/div>\n\t\t<div class=\"elementor-element elementor-element-bc11c7a e-flex e-con-boxed e-con e-parent\" data-id=\"bc11c7a\" data-element_type=\"container\">\n\t\t\t\t\t<div class=\"e-con-inner\">\n\t\t\t\t<div class=\"elementor-element elementor-element-62dd81b elementor-widget elementor-widget-heading\" data-id=\"62dd81b\" data-element_type=\"widget\" data-widget_type=\"heading.default\">\n\t\t\t\t<div class=\"elementor-widget-container\">\n\t\t\t\t\t<h2 class=\"elementor-heading-title elementor-size-default\">Masz wi\u0119cej pyta\u0144? Skontaktuj si\u0119 z nami<\/h2>\t\t\t\t<\/div>\n\t\t\t\t<\/div>\n\t\t\t\t<div class=\"elementor-element elementor-element-96f0d58 elementor-button-align-stretch elementor-widget elementor-widget-form\" data-id=\"96f0d58\" data-element_type=\"widget\" data-settings=\"{&quot;button_width&quot;:&quot;20&quot;,&quot;step_type&quot;:&quot;number_text&quot;,&quot;step_icon_shape&quot;:&quot;circle&quot;}\" data-widget_type=\"form.default\">\n\t\t\t\t<div class=\"elementor-widget-container\">\n\t\t\t\t\t\t\t<form class=\"elementor-form\" method=\"post\" name=\"New Form\" novalidate=\"\">\n\t\t\t<input type=\"hidden\" name=\"post_id\" value=\"256\"\/>\n\t\t\t<input type=\"hidden\" name=\"form_id\" value=\"96f0d58\"\/>\n\t\t\t<input type=\"hidden\" name=\"referer_title\" value=\"\" \/>\n\n\t\t\t\n\t\t\t<div class=\"elementor-form-fields-wrapper elementor-labels-\">\n\t\t\t\t\t\t\t\t<div class=\"elementor-field-type-text elementor-field-group elementor-column elementor-field-group-field_3fb72fc elementor-col-50 elementor-field-required\">\n\t\t\t\t\t\t\t\t\t\t\t\t<label for=\"form-field-field_3fb72fc\" class=\"elementor-field-label elementor-screen-only\">\n\t\t\t\t\t\t\t\tImi\u0119\t\t\t\t\t\t\t<\/label>\n\t\t\t\t\t\t\t\t\t\t\t\t\t\t<input size=\"1\" type=\"text\" name=\"form_fields[field_3fb72fc]\" id=\"form-field-field_3fb72fc\" class=\"elementor-field elementor-size-sm  elementor-field-textual\" placeholder=\"Imi\u0119\" required=\"required\" aria-required=\"true\">\n\t\t\t\t\t\t\t\t\t\t\t<\/div>\n\t\t\t\t\t\t\t\t<div class=\"elementor-field-type-email elementor-field-group elementor-column elementor-field-group-email elementor-col-50 elementor-field-required\">\n\t\t\t\t\t\t\t\t\t\t\t\t<label for=\"form-field-email\" class=\"elementor-field-label elementor-screen-only\">\n\t\t\t\t\t\t\t\tE-mail\t\t\t\t\t\t\t<\/label>\n\t\t\t\t\t\t\t\t\t\t\t\t\t\t<input size=\"1\" type=\"email\" name=\"form_fields[email]\" id=\"form-field-email\" class=\"elementor-field elementor-size-sm  elementor-field-textual\" placeholder=\"E-mail\" required=\"required\" aria-required=\"true\">\n\t\t\t\t\t\t\t\t\t\t\t<\/div>\n\t\t\t\t\t\t\t\t<div class=\"elementor-field-type-text elementor-field-group elementor-column elementor-field-group-name elementor-col-50 elementor-field-required\">\n\t\t\t\t\t\t\t\t\t\t\t\t<label for=\"form-field-name\" class=\"elementor-field-label elementor-screen-only\">\n\t\t\t\t\t\t\t\tNazwa firmy\t\t\t\t\t\t\t<\/label>\n\t\t\t\t\t\t\t\t\t\t\t\t\t\t<input size=\"1\" type=\"text\" name=\"form_fields[name]\" id=\"form-field-name\" class=\"elementor-field elementor-size-sm  elementor-field-textual\" placeholder=\"Nazwa firmy\" required=\"required\" aria-required=\"true\">\n\t\t\t\t\t\t\t\t\t\t\t<\/div>\n\t\t\t\t\t\t\t\t<div class=\"elementor-field-type-tel elementor-field-group elementor-column elementor-field-group-field_d0c9868 elementor-col-50 elementor-field-required\">\n\t\t\t\t\t\t\t\t\t\t\t\t<label for=\"form-field-field_d0c9868\" class=\"elementor-field-label elementor-screen-only\">\n\t\t\t\t\t\t\t\tTelefon\t\t\t\t\t\t\t<\/label>\n\t\t\t\t\t\t\t\t<input size=\"1\" type=\"tel\" name=\"form_fields[field_d0c9868]\" id=\"form-field-field_d0c9868\" class=\"elementor-field elementor-size-sm  elementor-field-textual\" placeholder=\"Telefon\" required=\"required\" aria-required=\"true\" pattern=\"[0-9()#&amp;+*-=.]+\" title=\"Only numbers and phone characters (#, -, *, etc) are accepted.\">\n\n\t\t\t\t\t\t<\/div>\n\t\t\t\t\t\t\t\t<div class=\"elementor-field-type-textarea elementor-field-group elementor-column elementor-field-group-message elementor-col-80 elementor-field-required\">\n\t\t\t\t\t\t\t\t\t\t\t\t<label for=\"form-field-message\" class=\"elementor-field-label elementor-screen-only\">\n\t\t\t\t\t\t\t\tWiadomo\u015b\u0107\t\t\t\t\t\t\t<\/label>\n\t\t\t\t\t\t<textarea class=\"elementor-field-textual elementor-field  elementor-size-sm\" name=\"form_fields[message]\" id=\"form-field-message\" rows=\"4\" placeholder=\"Wiadomo\u015b\u0107\" required=\"required\" aria-required=\"true\"><\/textarea>\t\t\t\t<\/div>\n\t\t\t\t\t\t\t\t<div class=\"elementor-field-type-recaptcha_v3 elementor-field-group elementor-column elementor-field-group-field_e97c9fa elementor-col-100 recaptcha_v3-bottomleft\">\n\t\t\t\t\t<div class=\"elementor-field\" id=\"form-field-field_e97c9fa\"><div class=\"elementor-g-recaptcha\" data-sitekey=\"6LdWlWMrAAAAAIpV_ElhEIQTgh7ObjctU_KXMOJb\" data-type=\"v3\" data-action=\"Form\" data-badge=\"bottomleft\" data-size=\"invisible\"><\/div><\/div>\t\t\t\t<\/div>\n\t\t\t\t\t\t\t\t<div class=\"elementor-field-group elementor-column elementor-field-type-submit elementor-col-20 e-form__buttons\">\n\t\t\t\t\t<button type=\"submit\" class=\"elementor-button elementor-size-sm\" id=\"btn-form-2\">\n\t\t\t\t\t\t<span >\n\t\t\t\t\t\t\t\t\t\t\t\t\t\t\t<span class=\" elementor-button-icon\">\n\t\t\t\t\t\t\t\t\t\t\t\t\t\t\t\t\t\t\t\t\t\t\t\t\t\t<\/span>\n\t\t\t\t\t\t\t\t\t\t\t\t\t\t\t\t\t\t\t\t\t\t<span class=\"elementor-button-text\">Wy\u015blij<\/span>\n\t\t\t\t\t\t\t\t\t\t\t\t\t<\/span>\n\t\t\t\t\t<\/button>\n\t\t\t\t<\/div>\n\t\t\t<\/div>\n\t\t<\/form>\n\t\t\t\t\t\t<\/div>\n\t\t\t\t<\/div>\n\t\t\t\t<div class=\"elementor-element elementor-element-083c5f1 elementor-widget elementor-widget-text-editor\" data-id=\"083c5f1\" data-element_type=\"widget\" data-widget_type=\"text-editor.default\">\n\t\t\t\t<div class=\"elementor-widget-container\">\n\t\t\t\t\t\t\t\t\tWysy\u0142aj\u0105c akceptujesz polityk\u0119 prywatno\u015bci\t\t\t\t\t\t\t\t<\/div>\n\t\t\t\t<\/div>\n\t\t\t\t\t<\/div>\n\t\t\t\t<\/div>\n\t\t\t\t<\/div>\n\t\t","protected":false},"excerpt":{"rendered":"<p>Zobacz obszary dzia\u0142ania naszych specjalist\u00f3w Karol Turek serwis i sprzeda\u017c +48 694 360 034 karol.turek@neisa.pl \u0141ukasz Stec serwis i sprzeda\u017c +48 882 437 458 lukasz.stec@neisa.pl Poka\u017c na mapie Poka\u017c na mapie Poka\u017c na mapie Masz wi\u0119cej pyta\u0144? Skontaktuj si\u0119 z nami Wysy\u0142aj\u0105c akceptujesz polityk\u0119 prywatno\u015bci<\/p>\n","protected":false},"author":1,"featured_media":0,"parent":0,"menu_order":0,"comment_status":"closed","ping_status":"closed","template":"elementor_header_footer","meta":{"site-sidebar-layout":"default","site-content-layout":"","ast-site-content-layout":"default","site-content-style":"default","site-sidebar-style":"default","ast-global-header-display":"","ast-banner-title-visibility":"","ast-main-header-display":"","ast-hfb-above-header-display":"","ast-hfb-below-header-display":"","ast-hfb-mobile-header-display":"","site-post-title":"","ast-breadcrumbs-content":"","ast-featured-img":"","footer-sml-layout":"","theme-transparent-header-meta":"","adv-header-id-meta":"","stick-header-meta":"","header-above-stick-meta":"","header-main-stick-meta":"","header-below-stick-meta":"","astra-migrate-meta-layouts":"default","ast-page-background-enabled":"default","ast-page-background-meta":{"desktop":{"background-color":"var(--ast-global-color-4)","background-image":"","background-repeat":"repeat","background-position":"center center","background-size":"auto","background-attachment":"scroll","background-type":"","background-media":"","overlay-type":"","overlay-color":"","overlay-opacity":"","overlay-gradient":""},"tablet":{"background-color":"","background-image":"","background-repeat":"repeat","background-position":"center center","background-size":"auto","background-attachment":"scroll","background-type":"","background-media":"","overlay-type":"","overlay-color":"","overlay-opacity":"","overlay-gradient":""},"mobile":{"background-color":"","background-image":"","background-repeat":"repeat","background-position":"center center","background-size":"auto","background-attachment":"scroll","background-type":"","background-media":"","overlay-type":"","overlay-color":"","overlay-opacity":"","overlay-gradient":""}},"ast-content-background-meta":{"desktop":{"background-color":"var(--ast-global-color-5)","background-image":"","background-repeat":"repeat","background-position":"center center","background-size":"auto","background-attachment":"scroll","background-type":"","background-media":"","overlay-type":"","overlay-color":"","overlay-opacity":"","overlay-gradient":""},"tablet":{"background-color":"var(--ast-global-color-5)","background-image":"","background-repeat":"repeat","background-position":"center center","background-size":"auto","background-attachment":"scroll","background-type":"","background-media":"","overlay-type":"","overlay-color":"","overlay-opacity":"","overlay-gradient":""},"mobile":{"background-color":"var(--ast-global-color-5)","background-image":"","background-repeat":"repeat","background-position":"center center","background-size":"auto","background-attachment":"scroll","background-type":"","background-media":"","overlay-type":"","overlay-color":"","overlay-opacity":"","overlay-gradient":""}},"footnotes":""},"class_list":["post-256","page","type-page","status-publish","hentry"],"_links":{"self":[{"href":"https:\/\/neisa.pl\/falowniki-abb\/wp-json\/wp\/v2\/pages\/256","targetHints":{"allow":["GET"]}}],"collection":[{"href":"https:\/\/neisa.pl\/falowniki-abb\/wp-json\/wp\/v2\/pages"}],"about":[{"href":"https:\/\/neisa.pl\/falowniki-abb\/wp-json\/wp\/v2\/types\/page"}],"author":[{"embeddable":true,"href":"https:\/\/neisa.pl\/falowniki-abb\/wp-json\/wp\/v2\/users\/1"}],"replies":[{"embeddable":true,"href":"https:\/\/neisa.pl\/falowniki-abb\/wp-json\/wp\/v2\/comments?post=256"}],"version-history":[{"count":73,"href":"https:\/\/neisa.pl\/falowniki-abb\/wp-json\/wp\/v2\/pages\/256\/revisions"}],"predecessor-version":[{"id":1197,"href":"https:\/\/neisa.pl\/falowniki-abb\/wp-json\/wp\/v2\/pages\/256\/revisions\/1197"}],"wp:attachment":[{"href":"https:\/\/neisa.pl\/falowniki-abb\/wp-json\/wp\/v2\/media?parent=256"}],"curies":[{"name":"wp","href":"https:\/\/api.w.org\/{rel}","templated":true}]}}